{"id":12369,"date":"2018-11-29T19:18:40","date_gmt":"2018-11-29T18:18:40","guid":{"rendered":"https:\/\/cremiocosmetics.com\/?post_type=product&#038;p=12369"},"modified":"2025-03-11T09:34:41","modified_gmt":"2025-03-11T08:34:41","slug":"night-repair-shea-and-q10","status":"publish","type":"product","link":"https:\/\/staging.cremiacosmetics.com\/?product=night-repair-shea-and-q10","title":{"rendered":"Night Repair &#8211; Shea and Q10 \u00e9jszakai arckr\u00e9m 50ml"},"content":{"rendered":"<p>\u00d6sszetev\u0151k: Aqua, Butyrospermum Parkii (Shea) Bu\udbc0\udda9er, Cetearyl Olivate, Sorbitan Olivate, Stearic Acid, Magnesium stearate, Olive Squalane Ubiquinone 50 and Tocopheryl Acetate (Q10), Phenoxyethanol, Ethylhexylglycerin, Parfum, citronellol, linalool, benzyl alcohol, benzyl benzoate, benzyl salycilate, eugenol 50ml.<\/p>\n<p>CPNP Reference: 2900360<\/p>\n","protected":false},"excerpt":{"rendered":"<p>Mi\u00e9rt fogod szeretni ezt a kr\u00e9met?<\/p>\n<p>Mert reggelre kisim\u00edtja, harmoniz\u00e1lja a b\u0151rt a sheavajnak \u00e9s a Q10 antioxid\u00e1ns hat\u00f3anyagnak k\u00f6sz\u00f6nhet\u0151en.<\/p>\n<p>A Night Repair &#8211; Shea and Q10 a legkedveltebb regener\u00e1l\u00f3 kr\u00e9m\u00fcnk. N\u00e9pszer\u0171s\u00e9g\u00e9t annak k\u00f6sz\u00f6nheti, hogy b\u00e1rmilyen b\u0151rt\u00edpusra hihetetlen\u00fcl j\u00f3t\u00e9kony hat\u00e1ssal van a bele kompon\u00e1lt shea vaj \u00e9s Q10 komplex hat\u00e1s\u00e1ra. A shea vaj a b\u0151r k\u00fcls\u0151 r\u00e9teg\u00e9nek elszarusodott sejtjeit \u00f6sszesim\u00edtja, ezzel megg\u00e1tolja a v\u00edz p\u00e1rolg\u00e1s\u00e1t. Ez\u00e9rt \u00e9rezz\u00fck hidrat\u00e1ltnak \u00e9s egys\u00e9gesnek reggelre a b\u0151rt. A Q10 komplex egy sokat vizsg\u00e1lt antioxid\u00e1ns, kiv\u00e1l\u00f3 regener\u00e1l\u00f3 alapanyag. A b\u0151r\u00fcnket napk\u00f6zben \u00e9r\u0151 er\u0151s napsug\u00e1rz\u00e1s, a doh\u00e1nyf\u00fcst vagy egyszer\u0171en a v\u00e1rosi l\u00e9gszennyez\u00e9s kedvez\u0151tlen folyamatait k\u00e9pes cs\u00f6kkenteni. Annak ellen\u00e9re, hogy a Night Repair &#8211; Shea and Q10 egy testes kr\u00e9m, nem t\u00f6m\u00edti el a p\u00f3rusokat. Hideg k\u00f6r\u00fclm\u00e9nyek k\u00f6z\u00f6tt kicsit m\u00e9g s\u0171r\u0171s\u00f6dik, ilyen esetben a kr\u00e9met picit meleg\u00edtsd fel a tenyeredben, \u00e9s csak azut\u00e1n vidd fel az arcra.<\/p>\n<p>Minden b\u0151rt\u00edpusra aj\u00e1nlott. Pattan\u00e1sos, gyulladt b\u0151rre is haszn\u00e1lhatod hetente 1-2 alkalommal, mert a shea vaj nem t\u00f6m\u00edti el a p\u00f3rusokat \u00e9s j\u00f3l regener\u00e1l.<\/p>\n<p>Haszn\u00e1lata: Est\u00e9nk\u00e9nt oszlass el k\u00f6rk\u00f6r\u00f6s mozdulatokkal az arcon \u00e9s a dekolt\u00e1zson 1-2 pump\u00e1l\u00e1snyi Night Repair Shea and Q10 kr\u00e9met. Kiv\u00e1l\u00f3an kombin\u00e1lhat\u00f3 a Cremia sz\u00e9rumokkal.<\/p>\n<p>50 ml<\/p>\n<p>H\u0171v\u00f6s helyen t\u00e1roland\u00f3.<\/p>\n","protected":false},"featured_media":35965,"comment_status":"open","ping_status":"closed","template":"","meta":[],"product_brand":[],"product_cat":[296,1411,438,1163,482],"product_tag":[539,578,582,580,593],"class_list":{"0":"post-12369","1":"product","2":"type-product","3":"status-publish","4":"has-post-thumbnail","6":"product_cat-arcapolas","7":"product_cat-ejszakai-arckremek","8":"product_cat-hidratalas","9":"product_cat-lakossagi-termekek","10":"product_cat-osszes","11":"product_tag-arckrem","12":"product_tag-ejszakai-krem","13":"product_tag-hidratalas","14":"product_tag-q10","15":"product_tag-shea-vaj-en","17":"first","18":"instock","19":"taxable","20":"shipping-taxable","21":"purchasable","22":"product-type-simple"},"bundled_by":["23279","23275"],"bundle_stock_status":"instock","bundle_stock_quantity":null,"bundle_virtual":false,"bundle_layout":"","bundle_add_to_cart_form_location":"","bundle_editable_in_cart":false,"bundle_sold_individually_context":"","bundle_item_grouping":"","bundle_min_size":"","bundle_max_size":"","bundle_price":[],"bundled_items":[],"bundle_sell_ids":[],"yoast_head":"<!-- This site is optimized with the Yoast SEO Premium plugin v24.9 (Yoast SEO v24.9) - https:\/\/yoast.com\/wordpress\/plugins\/seo\/ -->\n<title>Cremio Night Repair - Shea and Q10 \u00e9jszakai arckr\u00e9m<\/title>\n<meta name=\"description\" content=\"Night Repair b\u00e1rmilyen b\u0151rt\u00edpusra j\u00f3t\u00e9kony hat\u00e1ssal van a shea vajnak \u00e9s Q10-nek k\u00f6sz\u00f6nhet\u0151en. Hidrat\u00e1lt \u00e9s egys\u00e9ges reggelre a b\u0151r t\u0151le.\" \/>\n<meta name=\"robots\" content=\"index, follow, max-snippet:-1, max-image-preview:large, max-video-preview:-1\" \/>\n<link rel=\"canonical\" href=\"https:\/\/staging.cremiacosmetics.com\/osszes-termek\/night-repair-shea-and-q10\/\" \/>\n<meta property=\"og:locale\" content=\"en_US\" \/>\n<meta property=\"og:type\" content=\"article\" \/>\n<meta property=\"og:title\" content=\"Night Repair - Shea and Q10 \u00e9jszakai arckr\u00e9m 50ml\" \/>\n<meta property=\"og:description\" content=\"Night Repair b\u00e1rmilyen b\u0151rt\u00edpusra j\u00f3t\u00e9kony hat\u00e1ssal van a shea vajnak \u00e9s Q10-nek k\u00f6sz\u00f6nhet\u0151en. Hidrat\u00e1lt \u00e9s egys\u00e9ges reggelre a b\u0151r t\u0151le.\" \/>\n<meta property=\"og:url\" content=\"https:\/\/staging.cremiacosmetics.com\/osszes-termek\/night-repair-shea-and-q10\/\" \/>\n<meta property=\"og:site_name\" content=\"Cremia Cosmetics\" \/>\n<meta property=\"article:publisher\" content=\"https:\/\/www.facebook.com\/cremiacosmetics\" \/>\n<meta property=\"article:modified_time\" content=\"2025-03-11T08:34:41+00:00\" \/>\n<meta property=\"og:image\" content=\"https:\/\/staging.cremiacosmetics.com\/wp-content\/uploads\/2025\/01\/night-repair.jpg\" \/>\n\t<meta property=\"og:image:width\" content=\"800\" \/>\n\t<meta property=\"og:image:height\" content=\"800\" \/>\n\t<meta property=\"og:image:type\" content=\"image\/jpeg\" \/>\n<meta name=\"twitter:card\" content=\"summary_large_image\" \/>\n<meta name=\"twitter:label1\" content=\"Price\" \/>\n\t<meta name=\"twitter:data1\" content=\"15 490&nbsp;&#070;&#116;\" \/>\n\t<meta name=\"twitter:label2\" content=\"Availability\" \/>\n\t<meta name=\"twitter:data2\" content=\"In stock\" \/>\n<script type=\"application\/ld+json\" class=\"yoast-schema-graph\">{\"@context\":\"https:\/\/schema.org\",\"@graph\":[{\"@type\":\"WebPage\",\"@id\":\"https:\/\/staging.cremiacosmetics.com\/osszes-termek\/night-repair-shea-and-q10\/\",\"url\":\"https:\/\/staging.cremiacosmetics.com\/osszes-termek\/night-repair-shea-and-q10\/\",\"name\":\"Cremio Night Repair - Shea and Q10 \u00e9jszakai arckr\u00e9m\",\"isPartOf\":{\"@id\":\"https:\/\/staging.cremiacosmetics.com\/#website\"},\"primaryImageOfPage\":{\"@id\":\"https:\/\/staging.cremiacosmetics.com\/osszes-termek\/night-repair-shea-and-q10\/#primaryimage\"},\"image\":{\"@id\":\"https:\/\/staging.cremiacosmetics.com\/osszes-termek\/night-repair-shea-and-q10\/#primaryimage\"},\"thumbnailUrl\":\"https:\/\/staging.cremiacosmetics.com\/wp-content\/uploads\/2025\/01\/night-repair.jpg\",\"datePublished\":\"2018-11-29T18:18:40+00:00\",\"dateModified\":\"2025-03-11T08:34:41+00:00\",\"description\":\"Night Repair b\u00e1rmilyen b\u0151rt\u00edpusra j\u00f3t\u00e9kony hat\u00e1ssal van a shea vajnak \u00e9s Q10-nek k\u00f6sz\u00f6nhet\u0151en. Hidrat\u00e1lt \u00e9s egys\u00e9ges reggelre a b\u0151r t\u0151le.\",\"breadcrumb\":{\"@id\":\"https:\/\/staging.cremiacosmetics.com\/osszes-termek\/night-repair-shea-and-q10\/#breadcrumb\"},\"inLanguage\":\"en-US\",\"potentialAction\":[{\"@type\":\"ReadAction\",\"target\":[\"https:\/\/staging.cremiacosmetics.com\/osszes-termek\/night-repair-shea-and-q10\/\"]}]},{\"@type\":\"ImageObject\",\"inLanguage\":\"en-US\",\"@id\":\"https:\/\/staging.cremiacosmetics.com\/osszes-termek\/night-repair-shea-and-q10\/#primaryimage\",\"url\":\"https:\/\/staging.cremiacosmetics.com\/wp-content\/uploads\/2025\/01\/night-repair.jpg\",\"contentUrl\":\"https:\/\/staging.cremiacosmetics.com\/wp-content\/uploads\/2025\/01\/night-repair.jpg\",\"width\":800,\"height\":800},{\"@type\":\"BreadcrumbList\",\"@id\":\"https:\/\/staging.cremiacosmetics.com\/osszes-termek\/night-repair-shea-and-q10\/#breadcrumb\",\"itemListElement\":[{\"@type\":\"ListItem\",\"position\":1,\"name\":\"Kezd\u0151lap\",\"item\":\"https:\/\/staging.cremiacosmetics.com\/\"},{\"@type\":\"ListItem\",\"position\":2,\"name\":\"\u00d6sszes term\u00e9k\",\"item\":\"https:\/\/staging.cremiacosmetics.com\/?page_id=15931\"},{\"@type\":\"ListItem\",\"position\":3,\"name\":\"Night Repair &#8211; Shea and Q10 \u00e9jszakai arckr\u00e9m 50ml\"}]},{\"@type\":\"WebSite\",\"@id\":\"https:\/\/staging.cremiacosmetics.com\/#website\",\"url\":\"https:\/\/staging.cremiacosmetics.com\/\",\"name\":\"Cremia Cosmetics\",\"description\":\"Nature-powered beauty\",\"publisher\":{\"@id\":\"https:\/\/staging.cremiacosmetics.com\/#organization\"},\"potentialAction\":[{\"@type\":\"SearchAction\",\"target\":{\"@type\":\"EntryPoint\",\"urlTemplate\":\"https:\/\/staging.cremiacosmetics.com\/?s={search_term_string}\"},\"query-input\":{\"@type\":\"PropertyValueSpecification\",\"valueRequired\":true,\"valueName\":\"search_term_string\"}}],\"inLanguage\":\"en-US\"},{\"@type\":\"Organization\",\"@id\":\"https:\/\/staging.cremiacosmetics.com\/#organization\",\"name\":\"Cremia Cosmetics\",\"url\":\"https:\/\/staging.cremiacosmetics.com\/\",\"logo\":{\"@type\":\"ImageObject\",\"inLanguage\":\"en-US\",\"@id\":\"https:\/\/staging.cremiacosmetics.com\/#\/schema\/logo\/image\/\",\"url\":\"https:\/\/staging.cremiacosmetics.com\/wp-content\/uploads\/2024\/03\/Cremia-logo-15x15mm.svg\",\"contentUrl\":\"https:\/\/staging.cremiacosmetics.com\/wp-content\/uploads\/2024\/03\/Cremia-logo-15x15mm.svg\",\"width\":42,\"height\":42,\"caption\":\"Cremia Cosmetics\"},\"image\":{\"@id\":\"https:\/\/staging.cremiacosmetics.com\/#\/schema\/logo\/image\/\"},\"sameAs\":[\"https:\/\/www.facebook.com\/cremiacosmetics\",\"https:\/\/www.instagram.com\/cremiacosmetics\/\"]}]}<\/script>\n<meta property=\"product:price:amount\" content=\"15490\" \/>\n<meta property=\"product:price:currency\" content=\"HUF\" \/>\n<meta property=\"og:availability\" content=\"instock\" \/>\n<meta property=\"product:availability\" content=\"instock\" \/>\n<meta property=\"product:retailer_item_id\" content=\"C-NR-HU-50\" \/>\n<meta property=\"product:condition\" content=\"new\" \/>\n<!-- \/ Yoast SEO Premium plugin. -->","yoast_head_json":{"title":"Cremio Night Repair - Shea and Q10 \u00e9jszakai arckr\u00e9m","description":"Night Repair b\u00e1rmilyen b\u0151rt\u00edpusra j\u00f3t\u00e9kony hat\u00e1ssal van a shea vajnak \u00e9s Q10-nek k\u00f6sz\u00f6nhet\u0151en. Hidrat\u00e1lt \u00e9s egys\u00e9ges reggelre a b\u0151r t\u0151le.","robots":{"index":"index","follow":"follow","max-snippet":"max-snippet:-1","max-image-preview":"max-image-preview:large","max-video-preview":"max-video-preview:-1"},"canonical":"https:\/\/staging.cremiacosmetics.com\/osszes-termek\/night-repair-shea-and-q10\/","og_locale":"en_US","og_type":"article","og_title":"Night Repair - Shea and Q10 \u00e9jszakai arckr\u00e9m 50ml","og_description":"Night Repair b\u00e1rmilyen b\u0151rt\u00edpusra j\u00f3t\u00e9kony hat\u00e1ssal van a shea vajnak \u00e9s Q10-nek k\u00f6sz\u00f6nhet\u0151en. Hidrat\u00e1lt \u00e9s egys\u00e9ges reggelre a b\u0151r t\u0151le.","og_url":"https:\/\/staging.cremiacosmetics.com\/osszes-termek\/night-repair-shea-and-q10\/","og_site_name":"Cremia Cosmetics","article_publisher":"https:\/\/www.facebook.com\/cremiacosmetics","article_modified_time":"2025-03-11T08:34:41+00:00","og_image":[{"width":800,"height":800,"url":"https:\/\/staging.cremiacosmetics.com\/wp-content\/uploads\/2025\/01\/night-repair.jpg","type":"image\/jpeg"}],"twitter_card":"summary_large_image","twitter_misc":{"Price":"15 490&nbsp;&#70;&#116;","Availability":"In stock"},"schema":{"@context":"https:\/\/schema.org","@graph":[{"@type":"WebPage","@id":"https:\/\/staging.cremiacosmetics.com\/osszes-termek\/night-repair-shea-and-q10\/","url":"https:\/\/staging.cremiacosmetics.com\/osszes-termek\/night-repair-shea-and-q10\/","name":"Cremio Night Repair - Shea and Q10 \u00e9jszakai arckr\u00e9m","isPartOf":{"@id":"https:\/\/staging.cremiacosmetics.com\/#website"},"primaryImageOfPage":{"@id":"https:\/\/staging.cremiacosmetics.com\/osszes-termek\/night-repair-shea-and-q10\/#primaryimage"},"image":{"@id":"https:\/\/staging.cremiacosmetics.com\/osszes-termek\/night-repair-shea-and-q10\/#primaryimage"},"thumbnailUrl":"https:\/\/staging.cremiacosmetics.com\/wp-content\/uploads\/2025\/01\/night-repair.jpg","datePublished":"2018-11-29T18:18:40+00:00","dateModified":"2025-03-11T08:34:41+00:00","description":"Night Repair b\u00e1rmilyen b\u0151rt\u00edpusra j\u00f3t\u00e9kony hat\u00e1ssal van a shea vajnak \u00e9s Q10-nek k\u00f6sz\u00f6nhet\u0151en. Hidrat\u00e1lt \u00e9s egys\u00e9ges reggelre a b\u0151r t\u0151le.","breadcrumb":{"@id":"https:\/\/staging.cremiacosmetics.com\/osszes-termek\/night-repair-shea-and-q10\/#breadcrumb"},"inLanguage":"en-US","potentialAction":[{"@type":"ReadAction","target":["https:\/\/staging.cremiacosmetics.com\/osszes-termek\/night-repair-shea-and-q10\/"]}]},{"@type":"ImageObject","inLanguage":"en-US","@id":"https:\/\/staging.cremiacosmetics.com\/osszes-termek\/night-repair-shea-and-q10\/#primaryimage","url":"https:\/\/staging.cremiacosmetics.com\/wp-content\/uploads\/2025\/01\/night-repair.jpg","contentUrl":"https:\/\/staging.cremiacosmetics.com\/wp-content\/uploads\/2025\/01\/night-repair.jpg","width":800,"height":800},{"@type":"BreadcrumbList","@id":"https:\/\/staging.cremiacosmetics.com\/osszes-termek\/night-repair-shea-and-q10\/#breadcrumb","itemListElement":[{"@type":"ListItem","position":1,"name":"Kezd\u0151lap","item":"https:\/\/staging.cremiacosmetics.com\/"},{"@type":"ListItem","position":2,"name":"\u00d6sszes term\u00e9k","item":"https:\/\/staging.cremiacosmetics.com\/?page_id=15931"},{"@type":"ListItem","position":3,"name":"Night Repair &#8211; Shea and Q10 \u00e9jszakai arckr\u00e9m 50ml"}]},{"@type":"WebSite","@id":"https:\/\/staging.cremiacosmetics.com\/#website","url":"https:\/\/staging.cremiacosmetics.com\/","name":"Cremia Cosmetics","description":"Nature-powered beauty","publisher":{"@id":"https:\/\/staging.cremiacosmetics.com\/#organization"},"potentialAction":[{"@type":"SearchAction","target":{"@type":"EntryPoint","urlTemplate":"https:\/\/staging.cremiacosmetics.com\/?s={search_term_string}"},"query-input":{"@type":"PropertyValueSpecification","valueRequired":true,"valueName":"search_term_string"}}],"inLanguage":"en-US"},{"@type":"Organization","@id":"https:\/\/staging.cremiacosmetics.com\/#organization","name":"Cremia Cosmetics","url":"https:\/\/staging.cremiacosmetics.com\/","logo":{"@type":"ImageObject","inLanguage":"en-US","@id":"https:\/\/staging.cremiacosmetics.com\/#\/schema\/logo\/image\/","url":"https:\/\/staging.cremiacosmetics.com\/wp-content\/uploads\/2024\/03\/Cremia-logo-15x15mm.svg","contentUrl":"https:\/\/staging.cremiacosmetics.com\/wp-content\/uploads\/2024\/03\/Cremia-logo-15x15mm.svg","width":42,"height":42,"caption":"Cremia Cosmetics"},"image":{"@id":"https:\/\/staging.cremiacosmetics.com\/#\/schema\/logo\/image\/"},"sameAs":["https:\/\/www.facebook.com\/cremiacosmetics","https:\/\/www.instagram.com\/cremiacosmetics\/"]}]},"product_price_amount":"15490","product_price_currency":"HUF","og_availability":"instock","product_availability":"instock","product_retailer_item_id":"C-NR-HU-50","product_condition":"new"},"_links":{"self":[{"href":"https:\/\/staging.cremiacosmetics.com\/index.php?rest_route=\/wp\/v2\/product\/12369","targetHints":{"allow":["GET"]}}],"collection":[{"href":"https:\/\/staging.cremiacosmetics.com\/index.php?rest_route=\/wp\/v2\/product"}],"about":[{"href":"https:\/\/staging.cremiacosmetics.com\/index.php?rest_route=\/wp\/v2\/types\/product"}],"replies":[{"embeddable":true,"href":"https:\/\/staging.cremiacosmetics.com\/index.php?rest_route=%2Fwp%2Fv2%2Fcomments&post=12369"}],"version-history":[{"count":2,"href":"https:\/\/staging.cremiacosmetics.com\/index.php?rest_route=\/wp\/v2\/product\/12369\/revisions"}],"predecessor-version":[{"id":34473,"href":"https:\/\/staging.cremiacosmetics.com\/index.php?rest_route=\/wp\/v2\/product\/12369\/revisions\/34473"}],"wp:featuredmedia":[{"embeddable":true,"href":"https:\/\/staging.cremiacosmetics.com\/index.php?rest_route=\/wp\/v2\/media\/35965"}],"wp:attachment":[{"href":"https:\/\/staging.cremiacosmetics.com\/index.php?rest_route=%2Fwp%2Fv2%2Fmedia&parent=12369"}],"wp:term":[{"taxonomy":"product_brand","embeddable":true,"href":"https:\/\/staging.cremiacosmetics.com\/index.php?rest_route=%2Fwp%2Fv2%2Fproduct_brand&post=12369"},{"taxonomy":"product_cat","embeddable":true,"href":"https:\/\/staging.cremiacosmetics.com\/index.php?rest_route=%2Fwp%2Fv2%2Fproduct_cat&post=12369"},{"taxonomy":"product_tag","embeddable":true,"href":"https:\/\/staging.cremiacosmetics.com\/index.php?rest_route=%2Fwp%2Fv2%2Fproduct_tag&post=12369"}],"curies":[{"name":"wp","href":"https:\/\/api.w.org\/{rel}","templated":true}]}}