{"id":12352,"date":"2018-11-29T18:27:02","date_gmt":"2018-11-29T17:27:02","guid":{"rendered":"https:\/\/cremiocosmetics.com\/?post_type=product&#038;p=12352"},"modified":"2025-03-11T09:34:38","modified_gmt":"2025-03-11T08:34:38","slug":"happy-face-nappali-hidratalo-arckrem","status":"publish","type":"product","link":"https:\/\/staging.cremiacosmetics.com\/?product=happy-face-nappali-hidratalo-arckrem","title":{"rendered":"Happy Face nappali hidrat\u00e1l\u00f3 arckr\u00e9m 50 ml"},"content":{"rendered":"<p>\u00d6sszetev\u0151k: Aqua, Rosa damascena flower water, Caprylic\/Capric triglyceride, Glycerin, Cetearyl Olivate, Sorbitan Olivvate, Urea, Macadamia ternifolia seed oil, Tocopherol, Panthenol, Prunus cerasus seed oil, Phenoxyethanol, Ethylhexylglycerin, stearic acid, Allantoin, Sodium hyaluronate, Parfum, citronellol, geraniol, linalool<\/p>\n<p>CPNP Reference: 2690598<\/p>\n","protected":false},"excerpt":{"rendered":"<p>* j\u00f3 reggelt kr\u00e9m *<\/p>\n<p>A Happy Face nappali hidrat\u00e1l\u00f3 egy hihetetlen\u00fcl finom illat\u00fa, k\u00f6nnyed, gyorsan felsz\u00edv\u00f3d\u00f3 arckr\u00e9m.<\/p>\n<p>Intenz\u00edven hidrat\u00e1l a hialuronsavnak, karbamidnak \u00e9s glicerinnek k\u00f6sz\u00f6nhet\u0151en. Ezek seg\u00edtenek a v\u00edz megtart\u00e1s\u00e1ban, m\u00edg a makad\u00e1mia di\u00f3 olaj \u00e9s a meggymagolaj biztos\u00edtj\u00e1k az \u00e1pol\u00f3, regener\u00e1l\u00f3 hat\u00e1s\u00fa zs\u00edrsavakat. A D-panthenol \u00e9s az E-vitamin gondoskodnak a b\u0151r megnyugtat\u00e1s\u00e1r\u00f3l.<\/p>\n<p>Minden b\u0151rt\u00edpusra aj\u00e1nlott.<\/p>\n<p>Haszn\u00e1lata: A megtiszt\u00edtott arcra k\u00f6rk\u00f6r\u00f6s mozdulatokkal vigy\u00e9l fel 1 pump\u00e1l\u00e1snyi kr\u00e9met naponta 1-2 alkalommal.<\/p>\n<p>50 ml<\/p>\n<p>H\u0171v\u00f6s helyen t\u00e1roland\u00f3.<\/p>\n<p>&nbsp;<\/p>\n","protected":false},"featured_media":33134,"comment_status":"open","ping_status":"closed","template":"","meta":[],"product_brand":[],"product_cat":[891,897,895,296,889,608,645,438,1163,1410,482],"product_tag":[541,539,545,556,537,377,1141,543,535],"class_list":{"0":"post-12352","1":"product","2":"type-product","3":"status-publish","4":"has-post-thumbnail","6":"product_cat-minden-bortipusra","7":"product_cat-szaraz-borre","8":"product_cat-hidratalas-ejjel-nappal","9":"product_cat-arcapolas","10":"product_cat-befejezo-lepes","11":"product_cat-cremio-beauty-box","12":"product_cat-cremio-mini","13":"product_cat-hidratalas","14":"product_cat-lakossagi-termekek","15":"product_cat-nappali-arckremek","16":"product_cat-osszes","17":"product_tag-arcapolas","18":"product_tag-arckrem","19":"product_tag-cherry-blossom","20":"product_tag-hialuron-en","21":"product_tag-hidratalt","22":"product_tag-hyaluron-en-hu","23":"product_tag-kozmetikus-kedvezmeny","24":"product_tag-rozsaviz","25":"product_tag-urea","27":"first","28":"instock","29":"taxable","30":"shipping-taxable","31":"purchasable","32":"product-type-simple"},"bundled_by":["23279","20038","23275"],"bundle_stock_status":"instock","bundle_stock_quantity":null,"bundle_virtual":false,"bundle_layout":"","bundle_add_to_cart_form_location":"","bundle_editable_in_cart":false,"bundle_sold_individually_context":"","bundle_item_grouping":"","bundle_min_size":"","bundle_max_size":"","bundle_price":[],"bundled_items":[],"bundle_sell_ids":[],"yoast_head":"<!-- This site is optimized with the Yoast SEO Premium plugin v24.9 (Yoast SEO v24.9) - https:\/\/yoast.com\/wordpress\/plugins\/seo\/ -->\n<title>Happy Face - Nappali hidrat\u00e1l\u00f3 arckr\u00e9m<\/title>\n<meta name=\"description\" content=\"A Cremio Cosmetics Happy Face nappali hidrat\u00e1l\u00f3 egy hihetetlen\u00fcl finom illat\u00fa, k\u00f6nnyed, gyorsan felsz\u00edv\u00f3d\u00f3 arckr\u00e9m.\" \/>\n<meta name=\"robots\" content=\"index, follow, max-snippet:-1, max-image-preview:large, max-video-preview:-1\" \/>\n<link rel=\"canonical\" href=\"https:\/\/staging.cremiacosmetics.com\/osszes-termek\/happy-face-nappali-hidratalo-arckrem\/\" \/>\n<meta property=\"og:locale\" content=\"en_US\" \/>\n<meta property=\"og:type\" content=\"article\" \/>\n<meta property=\"og:title\" content=\"Happy Face nappali hidrat\u00e1l\u00f3 arckr\u00e9m 50 ml\" \/>\n<meta property=\"og:description\" content=\"A Cremio Cosmetics Happy Face nappali hidrat\u00e1l\u00f3 egy hihetetlen\u00fcl finom illat\u00fa, k\u00f6nnyed, gyorsan felsz\u00edv\u00f3d\u00f3 arckr\u00e9m.\" \/>\n<meta property=\"og:url\" content=\"https:\/\/staging.cremiacosmetics.com\/osszes-termek\/happy-face-nappali-hidratalo-arckrem\/\" \/>\n<meta property=\"og:site_name\" content=\"Cremia Cosmetics\" \/>\n<meta property=\"article:publisher\" content=\"https:\/\/www.facebook.com\/cremiacosmetics\" \/>\n<meta property=\"article:modified_time\" content=\"2025-03-11T08:34:38+00:00\" \/>\n<meta property=\"og:image\" content=\"https:\/\/staging.cremiacosmetics.com\/wp-content\/uploads\/2024\/03\/Cremia_Happy-Face_800.jpg\" \/>\n\t<meta property=\"og:image:width\" content=\"800\" \/>\n\t<meta property=\"og:image:height\" content=\"800\" \/>\n\t<meta property=\"og:image:type\" content=\"image\/jpeg\" \/>\n<meta name=\"twitter:card\" content=\"summary_large_image\" \/>\n<meta name=\"twitter:label1\" content=\"Price\" \/>\n\t<meta name=\"twitter:data1\" content=\"17 990&nbsp;&#070;&#116;\" \/>\n\t<meta name=\"twitter:label2\" content=\"Availability\" \/>\n\t<meta name=\"twitter:data2\" content=\"In stock\" \/>\n<script type=\"application\/ld+json\" class=\"yoast-schema-graph\">{\"@context\":\"https:\/\/schema.org\",\"@graph\":[{\"@type\":\"WebPage\",\"@id\":\"https:\/\/staging.cremiacosmetics.com\/osszes-termek\/happy-face-nappali-hidratalo-arckrem\/\",\"url\":\"https:\/\/staging.cremiacosmetics.com\/osszes-termek\/happy-face-nappali-hidratalo-arckrem\/\",\"name\":\"Happy Face - Nappali hidrat\u00e1l\u00f3 arckr\u00e9m\",\"isPartOf\":{\"@id\":\"https:\/\/staging.cremiacosmetics.com\/#website\"},\"primaryImageOfPage\":{\"@id\":\"https:\/\/staging.cremiacosmetics.com\/osszes-termek\/happy-face-nappali-hidratalo-arckrem\/#primaryimage\"},\"image\":{\"@id\":\"https:\/\/staging.cremiacosmetics.com\/osszes-termek\/happy-face-nappali-hidratalo-arckrem\/#primaryimage\"},\"thumbnailUrl\":\"https:\/\/staging.cremiacosmetics.com\/wp-content\/uploads\/2024\/03\/Cremia_Happy-Face_800.jpg\",\"datePublished\":\"2018-11-29T17:27:02+00:00\",\"dateModified\":\"2025-03-11T08:34:38+00:00\",\"description\":\"A Cremio Cosmetics Happy Face nappali hidrat\u00e1l\u00f3 egy hihetetlen\u00fcl finom illat\u00fa, k\u00f6nnyed, gyorsan felsz\u00edv\u00f3d\u00f3 arckr\u00e9m.\",\"breadcrumb\":{\"@id\":\"https:\/\/staging.cremiacosmetics.com\/osszes-termek\/happy-face-nappali-hidratalo-arckrem\/#breadcrumb\"},\"inLanguage\":\"en-US\",\"potentialAction\":[{\"@type\":\"ReadAction\",\"target\":[\"https:\/\/staging.cremiacosmetics.com\/osszes-termek\/happy-face-nappali-hidratalo-arckrem\/\"]}]},{\"@type\":\"ImageObject\",\"inLanguage\":\"en-US\",\"@id\":\"https:\/\/staging.cremiacosmetics.com\/osszes-termek\/happy-face-nappali-hidratalo-arckrem\/#primaryimage\",\"url\":\"https:\/\/staging.cremiacosmetics.com\/wp-content\/uploads\/2024\/03\/Cremia_Happy-Face_800.jpg\",\"contentUrl\":\"https:\/\/staging.cremiacosmetics.com\/wp-content\/uploads\/2024\/03\/Cremia_Happy-Face_800.jpg\",\"width\":800,\"height\":800,\"caption\":\"Cremia Happy Face\"},{\"@type\":\"BreadcrumbList\",\"@id\":\"https:\/\/staging.cremiacosmetics.com\/osszes-termek\/happy-face-nappali-hidratalo-arckrem\/#breadcrumb\",\"itemListElement\":[{\"@type\":\"ListItem\",\"position\":1,\"name\":\"Kezd\u0151lap\",\"item\":\"https:\/\/staging.cremiacosmetics.com\/\"},{\"@type\":\"ListItem\",\"position\":2,\"name\":\"\u00d6sszes term\u00e9k\",\"item\":\"https:\/\/staging.cremiacosmetics.com\/?page_id=15931\"},{\"@type\":\"ListItem\",\"position\":3,\"name\":\"Happy Face nappali hidrat\u00e1l\u00f3 arckr\u00e9m 50 ml\"}]},{\"@type\":\"WebSite\",\"@id\":\"https:\/\/staging.cremiacosmetics.com\/#website\",\"url\":\"https:\/\/staging.cremiacosmetics.com\/\",\"name\":\"Cremia Cosmetics\",\"description\":\"Nature-powered beauty\",\"publisher\":{\"@id\":\"https:\/\/staging.cremiacosmetics.com\/#organization\"},\"potentialAction\":[{\"@type\":\"SearchAction\",\"target\":{\"@type\":\"EntryPoint\",\"urlTemplate\":\"https:\/\/staging.cremiacosmetics.com\/?s={search_term_string}\"},\"query-input\":{\"@type\":\"PropertyValueSpecification\",\"valueRequired\":true,\"valueName\":\"search_term_string\"}}],\"inLanguage\":\"en-US\"},{\"@type\":\"Organization\",\"@id\":\"https:\/\/staging.cremiacosmetics.com\/#organization\",\"name\":\"Cremia Cosmetics\",\"url\":\"https:\/\/staging.cremiacosmetics.com\/\",\"logo\":{\"@type\":\"ImageObject\",\"inLanguage\":\"en-US\",\"@id\":\"https:\/\/staging.cremiacosmetics.com\/#\/schema\/logo\/image\/\",\"url\":\"https:\/\/staging.cremiacosmetics.com\/wp-content\/uploads\/2024\/03\/Cremia-logo-15x15mm.svg\",\"contentUrl\":\"https:\/\/staging.cremiacosmetics.com\/wp-content\/uploads\/2024\/03\/Cremia-logo-15x15mm.svg\",\"width\":42,\"height\":42,\"caption\":\"Cremia Cosmetics\"},\"image\":{\"@id\":\"https:\/\/staging.cremiacosmetics.com\/#\/schema\/logo\/image\/\"},\"sameAs\":[\"https:\/\/www.facebook.com\/cremiacosmetics\",\"https:\/\/www.instagram.com\/cremiacosmetics\/\"]}]}<\/script>\n<meta property=\"product:price:amount\" content=\"17990\" \/>\n<meta property=\"product:price:currency\" content=\"HUF\" \/>\n<meta property=\"og:availability\" content=\"instock\" \/>\n<meta property=\"product:availability\" content=\"instock\" \/>\n<meta property=\"product:retailer_item_id\" content=\"C-HF-HU-50\" \/>\n<meta property=\"product:condition\" content=\"new\" \/>\n<!-- \/ Yoast SEO Premium plugin. -->","yoast_head_json":{"title":"Happy Face - Nappali hidrat\u00e1l\u00f3 arckr\u00e9m","description":"A Cremio Cosmetics Happy Face nappali hidrat\u00e1l\u00f3 egy hihetetlen\u00fcl finom illat\u00fa, k\u00f6nnyed, gyorsan felsz\u00edv\u00f3d\u00f3 arckr\u00e9m.","robots":{"index":"index","follow":"follow","max-snippet":"max-snippet:-1","max-image-preview":"max-image-preview:large","max-video-preview":"max-video-preview:-1"},"canonical":"https:\/\/staging.cremiacosmetics.com\/osszes-termek\/happy-face-nappali-hidratalo-arckrem\/","og_locale":"en_US","og_type":"article","og_title":"Happy Face nappali hidrat\u00e1l\u00f3 arckr\u00e9m 50 ml","og_description":"A Cremio Cosmetics Happy Face nappali hidrat\u00e1l\u00f3 egy hihetetlen\u00fcl finom illat\u00fa, k\u00f6nnyed, gyorsan felsz\u00edv\u00f3d\u00f3 arckr\u00e9m.","og_url":"https:\/\/staging.cremiacosmetics.com\/osszes-termek\/happy-face-nappali-hidratalo-arckrem\/","og_site_name":"Cremia Cosmetics","article_publisher":"https:\/\/www.facebook.com\/cremiacosmetics","article_modified_time":"2025-03-11T08:34:38+00:00","og_image":[{"width":800,"height":800,"url":"https:\/\/staging.cremiacosmetics.com\/wp-content\/uploads\/2024\/03\/Cremia_Happy-Face_800.jpg","type":"image\/jpeg"}],"twitter_card":"summary_large_image","twitter_misc":{"Price":"17 990&nbsp;&#70;&#116;","Availability":"In stock"},"schema":{"@context":"https:\/\/schema.org","@graph":[{"@type":"WebPage","@id":"https:\/\/staging.cremiacosmetics.com\/osszes-termek\/happy-face-nappali-hidratalo-arckrem\/","url":"https:\/\/staging.cremiacosmetics.com\/osszes-termek\/happy-face-nappali-hidratalo-arckrem\/","name":"Happy Face - Nappali hidrat\u00e1l\u00f3 arckr\u00e9m","isPartOf":{"@id":"https:\/\/staging.cremiacosmetics.com\/#website"},"primaryImageOfPage":{"@id":"https:\/\/staging.cremiacosmetics.com\/osszes-termek\/happy-face-nappali-hidratalo-arckrem\/#primaryimage"},"image":{"@id":"https:\/\/staging.cremiacosmetics.com\/osszes-termek\/happy-face-nappali-hidratalo-arckrem\/#primaryimage"},"thumbnailUrl":"https:\/\/staging.cremiacosmetics.com\/wp-content\/uploads\/2024\/03\/Cremia_Happy-Face_800.jpg","datePublished":"2018-11-29T17:27:02+00:00","dateModified":"2025-03-11T08:34:38+00:00","description":"A Cremio Cosmetics Happy Face nappali hidrat\u00e1l\u00f3 egy hihetetlen\u00fcl finom illat\u00fa, k\u00f6nnyed, gyorsan felsz\u00edv\u00f3d\u00f3 arckr\u00e9m.","breadcrumb":{"@id":"https:\/\/staging.cremiacosmetics.com\/osszes-termek\/happy-face-nappali-hidratalo-arckrem\/#breadcrumb"},"inLanguage":"en-US","potentialAction":[{"@type":"ReadAction","target":["https:\/\/staging.cremiacosmetics.com\/osszes-termek\/happy-face-nappali-hidratalo-arckrem\/"]}]},{"@type":"ImageObject","inLanguage":"en-US","@id":"https:\/\/staging.cremiacosmetics.com\/osszes-termek\/happy-face-nappali-hidratalo-arckrem\/#primaryimage","url":"https:\/\/staging.cremiacosmetics.com\/wp-content\/uploads\/2024\/03\/Cremia_Happy-Face_800.jpg","contentUrl":"https:\/\/staging.cremiacosmetics.com\/wp-content\/uploads\/2024\/03\/Cremia_Happy-Face_800.jpg","width":800,"height":800,"caption":"Cremia Happy Face"},{"@type":"BreadcrumbList","@id":"https:\/\/staging.cremiacosmetics.com\/osszes-termek\/happy-face-nappali-hidratalo-arckrem\/#breadcrumb","itemListElement":[{"@type":"ListItem","position":1,"name":"Kezd\u0151lap","item":"https:\/\/staging.cremiacosmetics.com\/"},{"@type":"ListItem","position":2,"name":"\u00d6sszes term\u00e9k","item":"https:\/\/staging.cremiacosmetics.com\/?page_id=15931"},{"@type":"ListItem","position":3,"name":"Happy Face nappali hidrat\u00e1l\u00f3 arckr\u00e9m 50 ml"}]},{"@type":"WebSite","@id":"https:\/\/staging.cremiacosmetics.com\/#website","url":"https:\/\/staging.cremiacosmetics.com\/","name":"Cremia Cosmetics","description":"Nature-powered beauty","publisher":{"@id":"https:\/\/staging.cremiacosmetics.com\/#organization"},"potentialAction":[{"@type":"SearchAction","target":{"@type":"EntryPoint","urlTemplate":"https:\/\/staging.cremiacosmetics.com\/?s={search_term_string}"},"query-input":{"@type":"PropertyValueSpecification","valueRequired":true,"valueName":"search_term_string"}}],"inLanguage":"en-US"},{"@type":"Organization","@id":"https:\/\/staging.cremiacosmetics.com\/#organization","name":"Cremia Cosmetics","url":"https:\/\/staging.cremiacosmetics.com\/","logo":{"@type":"ImageObject","inLanguage":"en-US","@id":"https:\/\/staging.cremiacosmetics.com\/#\/schema\/logo\/image\/","url":"https:\/\/staging.cremiacosmetics.com\/wp-content\/uploads\/2024\/03\/Cremia-logo-15x15mm.svg","contentUrl":"https:\/\/staging.cremiacosmetics.com\/wp-content\/uploads\/2024\/03\/Cremia-logo-15x15mm.svg","width":42,"height":42,"caption":"Cremia Cosmetics"},"image":{"@id":"https:\/\/staging.cremiacosmetics.com\/#\/schema\/logo\/image\/"},"sameAs":["https:\/\/www.facebook.com\/cremiacosmetics","https:\/\/www.instagram.com\/cremiacosmetics\/"]}]},"product_price_amount":"17990","product_price_currency":"HUF","og_availability":"instock","product_availability":"instock","product_retailer_item_id":"C-HF-HU-50","product_condition":"new"},"_links":{"self":[{"href":"https:\/\/staging.cremiacosmetics.com\/index.php?rest_route=\/wp\/v2\/product\/12352","targetHints":{"allow":["GET"]}}],"collection":[{"href":"https:\/\/staging.cremiacosmetics.com\/index.php?rest_route=\/wp\/v2\/product"}],"about":[{"href":"https:\/\/staging.cremiacosmetics.com\/index.php?rest_route=\/wp\/v2\/types\/product"}],"replies":[{"embeddable":true,"href":"https:\/\/staging.cremiacosmetics.com\/index.php?rest_route=%2Fwp%2Fv2%2Fcomments&post=12352"}],"version-history":[{"count":2,"href":"https:\/\/staging.cremiacosmetics.com\/index.php?rest_route=\/wp\/v2\/product\/12352\/revisions"}],"predecessor-version":[{"id":33331,"href":"https:\/\/staging.cremiacosmetics.com\/index.php?rest_route=\/wp\/v2\/product\/12352\/revisions\/33331"}],"wp:featuredmedia":[{"embeddable":true,"href":"https:\/\/staging.cremiacosmetics.com\/index.php?rest_route=\/wp\/v2\/media\/33134"}],"wp:attachment":[{"href":"https:\/\/staging.cremiacosmetics.com\/index.php?rest_route=%2Fwp%2Fv2%2Fmedia&parent=12352"}],"wp:term":[{"taxonomy":"product_brand","embeddable":true,"href":"https:\/\/staging.cremiacosmetics.com\/index.php?rest_route=%2Fwp%2Fv2%2Fproduct_brand&post=12352"},{"taxonomy":"product_cat","embeddable":true,"href":"https:\/\/staging.cremiacosmetics.com\/index.php?rest_route=%2Fwp%2Fv2%2Fproduct_cat&post=12352"},{"taxonomy":"product_tag","embeddable":true,"href":"https:\/\/staging.cremiacosmetics.com\/index.php?rest_route=%2Fwp%2Fv2%2Fproduct_tag&post=12352"}],"curies":[{"name":"wp","href":"https:\/\/api.w.org\/{rel}","templated":true}]}}