{"id":12274,"date":"2018-11-26T23:03:16","date_gmt":"2018-11-26T22:03:16","guid":{"rendered":"https:\/\/cremiocosmetics.com\/?post_type=product&#038;p=12274"},"modified":"2025-03-11T09:34:37","modified_gmt":"2025-03-11T08:34:37","slug":"happy-hand-2","status":"publish","type":"product","link":"https:\/\/staging.cremiacosmetics.com\/?product=happy-hand-2","title":{"rendered":"Happy Hand r\u00f3zsa-citrus k\u00e9zkr\u00e9m 50 ml"},"content":{"rendered":"<p>\u00d6sszet\u00e9tel: Aqua, Rosa Damascena flower water, Butyruspermum Parkii (Shea) butter, Cetearyl Olivate, Sorbitane Olivate, Fragrance, Phenoxyaethanol and Ethylhexylglyverin, stearic acid, (citral, citronellol, geraniol, limonene, linalool)* *az ill\u00f3olaj term\u00e9szetes \u00f6sszetev\u0151i<\/p>\n<p>CPNP Reference: 2900361<\/p>\n","protected":false},"excerpt":{"rendered":"<p>A kezednek is j\u00e1r egy kis boldogs\u00e1g \ud83d\udc4b\u263a<\/p>\n<p>\u00d6r\u00f6mmel mutatjuk be Happy Hand k\u00e9zkr\u00e9m\u00fcnket mely n\u00e9pszer\u0171s\u00e9g\u00e9t annak k\u00f6sz\u00f6nheti, hogy gyorsan besz\u00edv\u00f3dik, ellen\u00e1llhatatlanul finom citrusos illat\u00fa, \u00e9s nem hagy ragacsos ut\u00f3\u00e9rzetet. \u00c9rezd meg, mennyire hat\u00e9konyan hidrat\u00e1lja \u00e9s \u00e1polja b\u0151r\u00f6det a sheavajnak \u00e9s a damaszkuszi r\u00f3zsav\u00edznek k\u00f6sz\u00f6nhet\u0151en. A Shea vaj a b\u0151r legfels\u0151 r\u00e9tegeinek sejtjeit sim\u00edtja \u00f6ssze, bevonja, an\u00e9lk\u00fcl, hogy elt\u00f6m\u00edten\u00e9 a p\u00f3rusokat \u00e9s hat\u00e9konyan \u00e1polja a kisz\u00e1radt, cserepes, irrit\u00e1lt b\u0151rt is.<\/p>\n<p>J\u00f3l kombin\u00e1lhat\u00f3 a Cremia sz\u00e9rumokkal. Aj\u00e1nlott a k\u00e9z b\u0151r\u00e9nek \u00f6reged\u00e9se ellen Cremia Q10 vagy Anti Age sz\u00e9rumokkal kieg\u00e9sz\u00edteni.<\/p>\n<p>Naponta 2-szer kenj fel 1-1 di\u00f3nyi mennyis\u00e9g\u0171 kr\u00e9met mindk\u00e9t kezedre.<\/p>\n<p>50 ml<\/p>\n<p>H\u0171v\u00f6s helyen t\u00e1roland\u00f3.<\/p>\n<p>&nbsp;<\/p>\n","protected":false},"featured_media":33136,"comment_status":"open","ping_status":"closed","template":"","meta":[],"product_brand":[],"product_cat":[310,634,639,1163,482],"product_tag":[1155,1157,1159,1083,1141,1153],"class_list":{"0":"post-12274","1":"product","2":"type-product","3":"status-publish","4":"has-post-thumbnail","6":"product_cat-kez-es-labapolas","7":"product_cat-kezapolas-shea-vajas-kezkremekkel","8":"product_cat-kezapolas","9":"product_cat-lakossagi-termekek","10":"product_cat-osszes","11":"product_tag-citrus","12":"product_tag-happy-hand","13":"product_tag-kezapolas","14":"product_tag-kezkrem-en","15":"product_tag-kozmetikus-kedvezmeny","16":"product_tag-rozsa","18":"first","19":"instock","20":"taxable","21":"shipping-taxable","22":"purchasable","23":"product-type-simple"},"bundled_by":[],"bundle_stock_status":"instock","bundle_stock_quantity":null,"bundle_virtual":false,"bundle_layout":"","bundle_add_to_cart_form_location":"","bundle_editable_in_cart":false,"bundle_sold_individually_context":"","bundle_item_grouping":"","bundle_min_size":"","bundle_max_size":"","bundle_price":[],"bundled_items":[],"bundle_sell_ids":[],"yoast_head":"<!-- This site is optimized with the Yoast SEO Premium plugin v24.9 (Yoast SEO v24.9) - https:\/\/yoast.com\/wordpress\/plugins\/seo\/ -->\n<title>Happy Hand r\u00f3zsa-citrus k\u00e9zkr\u00e9m 50 ml - Cremia Cosmetics<\/title>\n<meta name=\"robots\" content=\"index, follow, max-snippet:-1, max-image-preview:large, max-video-preview:-1\" \/>\n<link rel=\"canonical\" href=\"https:\/\/staging.cremiacosmetics.com\/osszes-termek\/happy-hand-2\/\" \/>\n<meta property=\"og:locale\" content=\"en_US\" \/>\n<meta property=\"og:type\" content=\"article\" \/>\n<meta property=\"og:title\" content=\"Happy Hand r\u00f3zsa-citrus k\u00e9zkr\u00e9m 50 ml\" \/>\n<meta property=\"og:description\" content=\"A kezednek is j\u00e1r egy kis boldogs\u00e1g \ud83d\udc4b\u263a  \u00d6r\u00f6mmel mutatjuk be Happy Hand k\u00e9zkr\u00e9m\u00fcnket mely n\u00e9pszer\u0171s\u00e9g\u00e9t annak k\u00f6sz\u00f6nheti, hogy gyorsan besz\u00edv\u00f3dik, ellen\u00e1llhatatlanul finom citrusos illat\u00fa, \u00e9s nem hagy ragacsos ut\u00f3\u00e9rzetet. \u00c9rezd meg, mennyire hat\u00e9konyan hidrat\u00e1lja \u00e9s \u00e1polja b\u0151r\u00f6det a sheavajnak \u00e9s a damaszkuszi r\u00f3zsav\u00edznek k\u00f6sz\u00f6nhet\u0151en. A Shea vaj a b\u0151r legfels\u0151 r\u00e9tegeinek sejtjeit sim\u00edtja \u00f6ssze, bevonja, an\u00e9lk\u00fcl, hogy elt\u00f6m\u00edten\u00e9 a p\u00f3rusokat \u00e9s hat\u00e9konyan \u00e1polja a kisz\u00e1radt, cserepes, irrit\u00e1lt b\u0151rt is.  J\u00f3l kombin\u00e1lhat\u00f3 a Cremia sz\u00e9rumokkal. Aj\u00e1nlott a k\u00e9z b\u0151r\u00e9nek \u00f6reged\u00e9se ellen Cremia Q10 vagy Anti Age sz\u00e9rumokkal kieg\u00e9sz\u00edteni.  Naponta 2-szer kenj fel 1-1 di\u00f3nyi mennyis\u00e9g\u0171 kr\u00e9met mindk\u00e9t kezedre.  50 ml  H\u0171v\u00f6s helyen t\u00e1roland\u00f3.  &nbsp;\" \/>\n<meta property=\"og:url\" content=\"https:\/\/staging.cremiacosmetics.com\/osszes-termek\/happy-hand-2\/\" \/>\n<meta property=\"og:site_name\" content=\"Cremia Cosmetics\" \/>\n<meta property=\"article:publisher\" content=\"https:\/\/www.facebook.com\/cremiacosmetics\" \/>\n<meta property=\"article:modified_time\" content=\"2025-03-11T08:34:37+00:00\" \/>\n<meta property=\"og:image\" content=\"https:\/\/staging.cremiacosmetics.com\/wp-content\/uploads\/2024\/03\/Cremia_Happy-Hand-rosa-citrus_800.jpg\" \/>\n\t<meta property=\"og:image:width\" content=\"800\" \/>\n\t<meta property=\"og:image:height\" content=\"800\" \/>\n\t<meta property=\"og:image:type\" content=\"image\/jpeg\" \/>\n<meta name=\"twitter:card\" content=\"summary_large_image\" \/>\n<meta name=\"twitter:label1\" content=\"Price\" \/>\n\t<meta name=\"twitter:data1\" content=\"5 290&nbsp;&#070;&#116;\" \/>\n\t<meta name=\"twitter:label2\" content=\"Availability\" \/>\n\t<meta name=\"twitter:data2\" content=\"In stock\" \/>\n<script type=\"application\/ld+json\" class=\"yoast-schema-graph\">{\"@context\":\"https:\/\/schema.org\",\"@graph\":[{\"@type\":\"WebPage\",\"@id\":\"https:\/\/staging.cremiacosmetics.com\/osszes-termek\/happy-hand-2\/\",\"url\":\"https:\/\/staging.cremiacosmetics.com\/osszes-termek\/happy-hand-2\/\",\"name\":\"Happy Hand r\u00f3zsa-citrus k\u00e9zkr\u00e9m 50 ml - Cremia Cosmetics\",\"isPartOf\":{\"@id\":\"https:\/\/staging.cremiacosmetics.com\/#website\"},\"primaryImageOfPage\":{\"@id\":\"https:\/\/staging.cremiacosmetics.com\/osszes-termek\/happy-hand-2\/#primaryimage\"},\"image\":{\"@id\":\"https:\/\/staging.cremiacosmetics.com\/osszes-termek\/happy-hand-2\/#primaryimage\"},\"thumbnailUrl\":\"https:\/\/staging.cremiacosmetics.com\/wp-content\/uploads\/2024\/03\/Cremia_Happy-Hand-rosa-citrus_800.jpg\",\"datePublished\":\"2018-11-26T22:03:16+00:00\",\"dateModified\":\"2025-03-11T08:34:37+00:00\",\"breadcrumb\":{\"@id\":\"https:\/\/staging.cremiacosmetics.com\/osszes-termek\/happy-hand-2\/#breadcrumb\"},\"inLanguage\":\"en-US\",\"potentialAction\":[{\"@type\":\"ReadAction\",\"target\":[\"https:\/\/staging.cremiacosmetics.com\/osszes-termek\/happy-hand-2\/\"]}]},{\"@type\":\"ImageObject\",\"inLanguage\":\"en-US\",\"@id\":\"https:\/\/staging.cremiacosmetics.com\/osszes-termek\/happy-hand-2\/#primaryimage\",\"url\":\"https:\/\/staging.cremiacosmetics.com\/wp-content\/uploads\/2024\/03\/Cremia_Happy-Hand-rosa-citrus_800.jpg\",\"contentUrl\":\"https:\/\/staging.cremiacosmetics.com\/wp-content\/uploads\/2024\/03\/Cremia_Happy-Hand-rosa-citrus_800.jpg\",\"width\":800,\"height\":800,\"caption\":\"Cremia Happy Hand rosa-citrus\"},{\"@type\":\"BreadcrumbList\",\"@id\":\"https:\/\/staging.cremiacosmetics.com\/osszes-termek\/happy-hand-2\/#breadcrumb\",\"itemListElement\":[{\"@type\":\"ListItem\",\"position\":1,\"name\":\"Kezd\u0151lap\",\"item\":\"https:\/\/staging.cremiacosmetics.com\/\"},{\"@type\":\"ListItem\",\"position\":2,\"name\":\"\u00d6sszes term\u00e9k\",\"item\":\"https:\/\/staging.cremiacosmetics.com\/?page_id=15931\"},{\"@type\":\"ListItem\",\"position\":3,\"name\":\"Happy Hand r\u00f3zsa-citrus k\u00e9zkr\u00e9m 50 ml\"}]},{\"@type\":\"WebSite\",\"@id\":\"https:\/\/staging.cremiacosmetics.com\/#website\",\"url\":\"https:\/\/staging.cremiacosmetics.com\/\",\"name\":\"Cremia Cosmetics\",\"description\":\"Nature-powered beauty\",\"publisher\":{\"@id\":\"https:\/\/staging.cremiacosmetics.com\/#organization\"},\"potentialAction\":[{\"@type\":\"SearchAction\",\"target\":{\"@type\":\"EntryPoint\",\"urlTemplate\":\"https:\/\/staging.cremiacosmetics.com\/?s={search_term_string}\"},\"query-input\":{\"@type\":\"PropertyValueSpecification\",\"valueRequired\":true,\"valueName\":\"search_term_string\"}}],\"inLanguage\":\"en-US\"},{\"@type\":\"Organization\",\"@id\":\"https:\/\/staging.cremiacosmetics.com\/#organization\",\"name\":\"Cremia Cosmetics\",\"url\":\"https:\/\/staging.cremiacosmetics.com\/\",\"logo\":{\"@type\":\"ImageObject\",\"inLanguage\":\"en-US\",\"@id\":\"https:\/\/staging.cremiacosmetics.com\/#\/schema\/logo\/image\/\",\"url\":\"https:\/\/staging.cremiacosmetics.com\/wp-content\/uploads\/2024\/03\/Cremia-logo-15x15mm.svg\",\"contentUrl\":\"https:\/\/staging.cremiacosmetics.com\/wp-content\/uploads\/2024\/03\/Cremia-logo-15x15mm.svg\",\"width\":42,\"height\":42,\"caption\":\"Cremia Cosmetics\"},\"image\":{\"@id\":\"https:\/\/staging.cremiacosmetics.com\/#\/schema\/logo\/image\/\"},\"sameAs\":[\"https:\/\/www.facebook.com\/cremiacosmetics\",\"https:\/\/www.instagram.com\/cremiacosmetics\/\"]}]}<\/script>\n<meta property=\"product:price:amount\" content=\"5290\" \/>\n<meta property=\"product:price:currency\" content=\"HUF\" \/>\n<meta property=\"og:availability\" content=\"instock\" \/>\n<meta property=\"product:availability\" content=\"instock\" \/>\n<meta property=\"product:retailer_item_id\" content=\"C-HHc-HU-50\" \/>\n<meta property=\"product:condition\" content=\"new\" \/>\n<!-- \/ Yoast SEO Premium plugin. -->","yoast_head_json":{"title":"Happy Hand r\u00f3zsa-citrus k\u00e9zkr\u00e9m 50 ml - Cremia Cosmetics","robots":{"index":"index","follow":"follow","max-snippet":"max-snippet:-1","max-image-preview":"max-image-preview:large","max-video-preview":"max-video-preview:-1"},"canonical":"https:\/\/staging.cremiacosmetics.com\/osszes-termek\/happy-hand-2\/","og_locale":"en_US","og_type":"article","og_title":"Happy Hand r\u00f3zsa-citrus k\u00e9zkr\u00e9m 50 ml","og_description":"A kezednek is j\u00e1r egy kis boldogs\u00e1g \ud83d\udc4b\u263a  \u00d6r\u00f6mmel mutatjuk be Happy Hand k\u00e9zkr\u00e9m\u00fcnket mely n\u00e9pszer\u0171s\u00e9g\u00e9t annak k\u00f6sz\u00f6nheti, hogy gyorsan besz\u00edv\u00f3dik, ellen\u00e1llhatatlanul finom citrusos illat\u00fa, \u00e9s nem hagy ragacsos ut\u00f3\u00e9rzetet. \u00c9rezd meg, mennyire hat\u00e9konyan hidrat\u00e1lja \u00e9s \u00e1polja b\u0151r\u00f6det a sheavajnak \u00e9s a damaszkuszi r\u00f3zsav\u00edznek k\u00f6sz\u00f6nhet\u0151en. A Shea vaj a b\u0151r legfels\u0151 r\u00e9tegeinek sejtjeit sim\u00edtja \u00f6ssze, bevonja, an\u00e9lk\u00fcl, hogy elt\u00f6m\u00edten\u00e9 a p\u00f3rusokat \u00e9s hat\u00e9konyan \u00e1polja a kisz\u00e1radt, cserepes, irrit\u00e1lt b\u0151rt is.  J\u00f3l kombin\u00e1lhat\u00f3 a Cremia sz\u00e9rumokkal. Aj\u00e1nlott a k\u00e9z b\u0151r\u00e9nek \u00f6reged\u00e9se ellen Cremia Q10 vagy Anti Age sz\u00e9rumokkal kieg\u00e9sz\u00edteni.  Naponta 2-szer kenj fel 1-1 di\u00f3nyi mennyis\u00e9g\u0171 kr\u00e9met mindk\u00e9t kezedre.  50 ml  H\u0171v\u00f6s helyen t\u00e1roland\u00f3.  &nbsp;","og_url":"https:\/\/staging.cremiacosmetics.com\/osszes-termek\/happy-hand-2\/","og_site_name":"Cremia Cosmetics","article_publisher":"https:\/\/www.facebook.com\/cremiacosmetics","article_modified_time":"2025-03-11T08:34:37+00:00","og_image":[{"width":800,"height":800,"url":"https:\/\/staging.cremiacosmetics.com\/wp-content\/uploads\/2024\/03\/Cremia_Happy-Hand-rosa-citrus_800.jpg","type":"image\/jpeg"}],"twitter_card":"summary_large_image","twitter_misc":{"Price":"5 290&nbsp;&#70;&#116;","Availability":"In stock"},"schema":{"@context":"https:\/\/schema.org","@graph":[{"@type":"WebPage","@id":"https:\/\/staging.cremiacosmetics.com\/osszes-termek\/happy-hand-2\/","url":"https:\/\/staging.cremiacosmetics.com\/osszes-termek\/happy-hand-2\/","name":"Happy Hand r\u00f3zsa-citrus k\u00e9zkr\u00e9m 50 ml - Cremia Cosmetics","isPartOf":{"@id":"https:\/\/staging.cremiacosmetics.com\/#website"},"primaryImageOfPage":{"@id":"https:\/\/staging.cremiacosmetics.com\/osszes-termek\/happy-hand-2\/#primaryimage"},"image":{"@id":"https:\/\/staging.cremiacosmetics.com\/osszes-termek\/happy-hand-2\/#primaryimage"},"thumbnailUrl":"https:\/\/staging.cremiacosmetics.com\/wp-content\/uploads\/2024\/03\/Cremia_Happy-Hand-rosa-citrus_800.jpg","datePublished":"2018-11-26T22:03:16+00:00","dateModified":"2025-03-11T08:34:37+00:00","breadcrumb":{"@id":"https:\/\/staging.cremiacosmetics.com\/osszes-termek\/happy-hand-2\/#breadcrumb"},"inLanguage":"en-US","potentialAction":[{"@type":"ReadAction","target":["https:\/\/staging.cremiacosmetics.com\/osszes-termek\/happy-hand-2\/"]}]},{"@type":"ImageObject","inLanguage":"en-US","@id":"https:\/\/staging.cremiacosmetics.com\/osszes-termek\/happy-hand-2\/#primaryimage","url":"https:\/\/staging.cremiacosmetics.com\/wp-content\/uploads\/2024\/03\/Cremia_Happy-Hand-rosa-citrus_800.jpg","contentUrl":"https:\/\/staging.cremiacosmetics.com\/wp-content\/uploads\/2024\/03\/Cremia_Happy-Hand-rosa-citrus_800.jpg","width":800,"height":800,"caption":"Cremia Happy Hand rosa-citrus"},{"@type":"BreadcrumbList","@id":"https:\/\/staging.cremiacosmetics.com\/osszes-termek\/happy-hand-2\/#breadcrumb","itemListElement":[{"@type":"ListItem","position":1,"name":"Kezd\u0151lap","item":"https:\/\/staging.cremiacosmetics.com\/"},{"@type":"ListItem","position":2,"name":"\u00d6sszes term\u00e9k","item":"https:\/\/staging.cremiacosmetics.com\/?page_id=15931"},{"@type":"ListItem","position":3,"name":"Happy Hand r\u00f3zsa-citrus k\u00e9zkr\u00e9m 50 ml"}]},{"@type":"WebSite","@id":"https:\/\/staging.cremiacosmetics.com\/#website","url":"https:\/\/staging.cremiacosmetics.com\/","name":"Cremia Cosmetics","description":"Nature-powered beauty","publisher":{"@id":"https:\/\/staging.cremiacosmetics.com\/#organization"},"potentialAction":[{"@type":"SearchAction","target":{"@type":"EntryPoint","urlTemplate":"https:\/\/staging.cremiacosmetics.com\/?s={search_term_string}"},"query-input":{"@type":"PropertyValueSpecification","valueRequired":true,"valueName":"search_term_string"}}],"inLanguage":"en-US"},{"@type":"Organization","@id":"https:\/\/staging.cremiacosmetics.com\/#organization","name":"Cremia Cosmetics","url":"https:\/\/staging.cremiacosmetics.com\/","logo":{"@type":"ImageObject","inLanguage":"en-US","@id":"https:\/\/staging.cremiacosmetics.com\/#\/schema\/logo\/image\/","url":"https:\/\/staging.cremiacosmetics.com\/wp-content\/uploads\/2024\/03\/Cremia-logo-15x15mm.svg","contentUrl":"https:\/\/staging.cremiacosmetics.com\/wp-content\/uploads\/2024\/03\/Cremia-logo-15x15mm.svg","width":42,"height":42,"caption":"Cremia Cosmetics"},"image":{"@id":"https:\/\/staging.cremiacosmetics.com\/#\/schema\/logo\/image\/"},"sameAs":["https:\/\/www.facebook.com\/cremiacosmetics","https:\/\/www.instagram.com\/cremiacosmetics\/"]}]},"product_price_amount":"5290","product_price_currency":"HUF","og_availability":"instock","product_availability":"instock","product_retailer_item_id":"C-HHc-HU-50","product_condition":"new"},"_links":{"self":[{"href":"https:\/\/staging.cremiacosmetics.com\/index.php?rest_route=\/wp\/v2\/product\/12274","targetHints":{"allow":["GET"]}}],"collection":[{"href":"https:\/\/staging.cremiacosmetics.com\/index.php?rest_route=\/wp\/v2\/product"}],"about":[{"href":"https:\/\/staging.cremiacosmetics.com\/index.php?rest_route=\/wp\/v2\/types\/product"}],"replies":[{"embeddable":true,"href":"https:\/\/staging.cremiacosmetics.com\/index.php?rest_route=%2Fwp%2Fv2%2Fcomments&post=12274"}],"version-history":[{"count":2,"href":"https:\/\/staging.cremiacosmetics.com\/index.php?rest_route=\/wp\/v2\/product\/12274\/revisions"}],"predecessor-version":[{"id":34492,"href":"https:\/\/staging.cremiacosmetics.com\/index.php?rest_route=\/wp\/v2\/product\/12274\/revisions\/34492"}],"wp:featuredmedia":[{"embeddable":true,"href":"https:\/\/staging.cremiacosmetics.com\/index.php?rest_route=\/wp\/v2\/media\/33136"}],"wp:attachment":[{"href":"https:\/\/staging.cremiacosmetics.com\/index.php?rest_route=%2Fwp%2Fv2%2Fmedia&parent=12274"}],"wp:term":[{"taxonomy":"product_brand","embeddable":true,"href":"https:\/\/staging.cremiacosmetics.com\/index.php?rest_route=%2Fwp%2Fv2%2Fproduct_brand&post=12274"},{"taxonomy":"product_cat","embeddable":true,"href":"https:\/\/staging.cremiacosmetics.com\/index.php?rest_route=%2Fwp%2Fv2%2Fproduct_cat&post=12274"},{"taxonomy":"product_tag","embeddable":true,"href":"https:\/\/staging.cremiacosmetics.com\/index.php?rest_route=%2Fwp%2Fv2%2Fproduct_tag&post=12274"}],"curies":[{"name":"wp","href":"https:\/\/api.w.org\/{rel}","templated":true}]}}