{"id":35632,"date":"2024-10-24T15:15:23","date_gmt":"2024-10-24T13:15:23","guid":{"rendered":"https:\/\/staging.cremiacosmetics.com\/?page_id=35632"},"modified":"2024-10-24T15:24:57","modified_gmt":"2024-10-24T13:24:57","slug":"kozmetikusoknak","status":"publish","type":"page","link":"https:\/\/staging.cremiacosmetics.com\/?page_id=35632","title":{"rendered":"Kozmetikusoknak"},"content":{"rendered":"\t\t<div data-elementor-type=\"wp-page\" data-elementor-id=\"35632\" class=\"elementor elementor-35632\" data-elementor-post-type=\"page\">\n\t\t\t\t<div class=\"elementor-element elementor-element-ae0b792 e-flex e-con-boxed e-con e-parent\" data-id=\"ae0b792\" data-element_type=\"container\" data-settings=\"{&quot;tmea_shape_divider_top&quot;:&quot;none&quot;,&quot;tmea_shape_divider_bottom&quot;:&quot;none&quot;}\">\n\t\t\t\t\t<div class=\"e-con-inner\">\n\t\t\n\t\t<div class=\"elementor-element elementor-element-34e3fde elementor-widget elementor-widget-text-editor\" data-id=\"34e3fde\" data-element_type=\"widget\" data-widget_type=\"text-editor.default\">\n\t\t\t\t<div class=\"elementor-widget-container\">\n\t\t\t\t\t\t\t\t\t<h4>Kedves Kozmetikus Koll\u00e9ga!<\/h4><p style=\"text-align: center;\">Nagy \u00f6r\u00f6mmel k\u00f6sz\u00f6nt\u00fcnk a Cremia Professional finom illat\u00fa nat\u00farkozmetikumok vil\u00e1g\u00e1ban!<\/p><h5 style=\"text-align: left;\"><strong>Mi\u00e9rt v\u00e1lassz minket?<\/strong><\/h5><ul><li style=\"text-align: left;\">Fontos sz\u00e1munkra a hat\u00e9kony, finom illat\u00fa \u00e9s text\u00far\u00e1j\u00fa kozmetikumok fejleszt\u00e9se<\/li><li style=\"text-align: left;\">Izgalmas sz\u00e1munkra a modern nat\u00far kozmetikumok vil\u00e1ga, hiszen a n\u00f6v\u00e9nyi alapanyagok milli\u00f3 f\u00e9le megold\u00e1st ny\u00fajtanak c\u00e9ljaink el\u00e9r\u00e9s\u00e9hez. Amennyiben el\u00e9rhet\u0151, bio-, ECOCERT, COSMOS min\u0151s\u00edt\u00e9s\u0171 alapanyagokat haszn\u00e1lunk, de fontos sz\u00e1munkra az \u00faj korszer\u0171 technol\u00f3gi\u00e1kon alapul\u00f3 n\u00f6v\u00e9nyi kivonatok \u00e9s alapanyagok felhasznl\u00e1sa is.<\/li><li style=\"text-align: left;\">Nem haszn\u00e1lunk parab\u00e9neket, s\u0151t, amennyiben a formula megengedi, nem is haszn\u00e1lunk tart\u00f3s\u00edt\u00f3szereket.<\/li><li style=\"text-align: left;\">B\u00fcszk\u00e9k vagyunk m\u0171k\u00f6d\u0151, saj\u00e1t fejleszt\u00e9s\u0171, egyedi recept\u00far\u00e1inkra. Mindegyik kozmetikumunk CPNP sz\u00e1mmal rendelkezik, term\u00e9keinket szakaszisztensi \u00e9s gy\u00f3gyszer\u00e9szi szak\u00e9rtelemmel k\u00e9sz\u00edtj\u00fck.<\/li><li style=\"text-align: left;\">Saj\u00e1t laborat\u00f3riummal, nagy gy\u00e1rt\u00e1si kapacit\u00e1ssal rendelkez\u00fcnk. Laborunkat az ANTSZ rendszeresen ellen\u0151rzi.<\/li><li style=\"text-align: left;\">F\u00f3kuszunkban a hidrat\u00e1l\u00e1s \u00e9s a szel\u00edd anti aging \u00e1ll. Valljuk, hogy a megfelel\u0151en hidrat\u00e1lt b\u0151r tudja csak ell\u00e1tni a feladatait. Ezek el\u00e9r\u00e9s\u00e9hez haszn\u00e1lunk fel sz\u00e1mtalan n\u00f6v\u00e9nyi \u00f6sszetev\u0151t.<\/li><li style=\"text-align: left;\">T\u00f6bbf\u00e9le b\u0151rt\u00edpus kezel\u00e9s\u00e9re aj\u00e1nlunk megold\u00e1sokat, kezel\u00e9si terveket. Ehhez kapcsol\u00f3d\u00f3an k\u00fcldj\u00fck a csomagban a kezel\u00e9si javaslatainkat \u00e1rakkal.<\/li><\/ul><p>\u00a0<\/p><h5><strong>Mi\u00e9rt \u00e9rdemes Cremia Partnerr\u00e9 v\u00e1lnod?<\/strong><\/h5><ul><li style=\"text-align: left;\">Egyedi \u00e9s korrekt konstrukci\u00f3kat tudunk kialak\u00edtani, hiszen k\u00f6zvetlen\u00fcl a tulajdonossal tudsz t\u00e1rgyalni.<\/li><li style=\"text-align: left;\">Kedvez\u0151 viszontelad\u00f3i konstrukci\u00f3nk miatt -pl. nincs rendel\u00e9si minimum, viszont rendel\u00e9seid alapj\u00e1n k\u00fcl\u00f6nb\u00f6z\u0151 m\u00e9rt\u00e9k\u0171 term\u00e9kb\u00f3nuszokkal honor\u00e1ljuk v\u00e1s\u00e1rl\u00e1saidat.<\/li><li style=\"text-align: left;\">Partnereinket marketing anyagokkal \u00e9s tr\u00e9ningekkel t\u00e1mogatjuk.<br \/>Folyamatos tan\u00e1csad\u00e1ssal \u00e9s szem\u00e9lyes kapcsolattart\u00e1ssal seg\u00edtj\u00fck munk\u00e1dat.<\/li><\/ul><p>\u00a0<\/p><h5><strong>Hol szerezhetsz r\u00f3lunk t\u00f6bb inform\u00e1ci\u00f3t?<\/strong><\/h5><h5>Hogy teljesebb k\u00e9pet kapj r\u00f3lunk \u00e9s term\u00e9keinkr\u0151l<\/h5><ul><li>Regisztr\u00e1lj a szakmai \u00e1rak\u00e9rt!<\/li><li>K\u00f6vesd be oldalunkat a Facebookon \u00e9s az Instagramon, ahol hetente posztolunk \u00e9rdekess\u00e9gekr\u0151l, aktualit\u00e1sokr\u00f3l!<\/li><li>A Beauty Forum szakmai magazinban folyamatosan tal\u00e1lkozhatsz vel\u00fcnk.<\/li><\/ul>\t\t\t\t\t\t\t\t<\/div>\n\t\t\t\t<\/div>\n\t\t\t\t\t<\/div>\n\t\t\t\t<\/div>\n\t\t\t\t<section class=\"elementor-section elementor-top-section elementor-element elementor-element-a3faa91 elementor-section-boxed elementor-section-height-default elementor-section-height-default\" data-id=\"a3faa91\" data-element_type=\"section\" data-settings=\"{&quot;tmea_shape_divider_top&quot;:&quot;none&quot;,&quot;tmea_shape_divider_bottom&quot;:&quot;none&quot;}\">\n\t\t\t\t\t\t<div class=\"elementor-container elementor-column-gap-default\">\n\t\t\t\t\t<div class=\"elementor-column elementor-col-100 elementor-top-column elementor-element elementor-element-196abb9\" data-id=\"196abb9\" data-element_type=\"column\">\n\t\t\t<div class=\"elementor-widget-wrap elementor-element-populated\">\n\t\t\t\t\t\t<div class=\"elementor-element elementor-element-90c3f25 elementor-widget elementor-widget-text-editor\" data-id=\"90c3f25\" data-element_type=\"widget\" data-widget_type=\"text-editor.default\">\n\t\t\t\t<div class=\"elementor-widget-container\">\n\t\t\t\t\t\t\t\t\t<h3>Regisztr\u00e1lj hozz\u00e1nk kozmetikusk\u00e9nt!<\/h3>\n<div>\u00dcdv\u00f6zl\u00fcnk a Cremia pr\u00e9mium hazai nat\u00farkozmetikumok vil\u00e1g\u00e1ban! \u00d6r\u00fcl\u00fcnk, hogy felkeltett\u00fck \u00e9rdekl\u0151d\u00e9sedet!<br>K\u00e9r\u00fcnk, regisztr\u00e1lj itt, hogy l\u00e1sd a kozmetikus szakmai \u00e1rakat, a kozmetikusoknak szervezett tanfolyamokat \u00e9s a kos\u00e1rba tehesd a Cremia Professional term\u00e9keket. K\u00f6sz\u00f6nj\u00fck!<\/div>\t\t\t\t\t\t\t\t<\/div>\n\t\t\t\t<\/div>\n\t\t\t\t\t<\/div>\n\t\t<\/div>\n\t\t\t\t\t<\/div>\n\t\t<\/section>\n\t\t\t\t<section class=\"elementor-section elementor-top-section elementor-element elementor-element-239ab30 elementor-section-boxed elementor-section-height-default elementor-section-height-default\" data-id=\"239ab30\" data-element_type=\"section\" data-settings=\"{&quot;tmea_shape_divider_top&quot;:&quot;none&quot;,&quot;tmea_shape_divider_bottom&quot;:&quot;none&quot;}\">\n\t\t\t\t\t\t<div class=\"elementor-container elementor-column-gap-default\">\n\t\t\t\t\t<div class=\"elementor-column elementor-col-100 elementor-top-column elementor-element elementor-element-5a6e83d\" data-id=\"5a6e83d\" data-element_type=\"column\">\n\t\t\t<div class=\"elementor-widget-wrap elementor-element-populated\">\n\t\t\t\t\t\t<div class=\"elementor-element elementor-element-2143fab elementor-widget elementor-widget-shortcode\" data-id=\"2143fab\" data-element_type=\"widget\" data-widget_type=\"shortcode.default\">\n\t\t\t\t<div class=\"elementor-widget-container\">\n\t\t\t\t\t\t\t<div class=\"elementor-shortcode\">\n<div class=\"um um-register um-25395\">\n\t<div class=\"um-form\" data-mode=\"register\">\n\t\t<form method=\"post\" action=\"\">\n\t\t\t<div class=\"um-row _um_row_1 \" style=\"margin: 0 0 30px 0;\"><div class=\"um-col-1\"><div  id=\"um_field_25395_user_login\" class=\"um-field um-field-text  um-field-user_login um-field-text um-field-type_text\" data-key=\"user_login\"><div class=\"um-field-label\"><label for=\"user_login-25395\">Felhaszn\u00e1l\u00f3n\u00e9v<\/label><div class=\"um-clear\"><\/div><\/div><div class=\"um-field-area\"><input  autocomplete=\"off\" class=\"um-form-field valid \" type=\"text\" name=\"user_login-25395\" id=\"user_login-25395\" value=\"\" placeholder=\"\" data-validate=\"unique_username\" data-key=\"user_login\"  aria-invalid=\"false\" \/>\n\n\t\t\t\t\t\t<\/div><\/div><div  id=\"um_field_25395_last_name\" class=\"um-field um-field-text  um-field-last_name um-field-text um-field-type_text\" data-key=\"last_name\"><div class=\"um-field-label\"><label for=\"last_name-25395\">Vezet\u00e9kn\u00e9v<\/label><div class=\"um-clear\"><\/div><\/div><div class=\"um-field-area\"><input  autocomplete=\"off\" class=\"um-form-field valid \" type=\"text\" name=\"last_name-25395\" id=\"last_name-25395\" value=\"\" placeholder=\"\" data-validate=\"\" data-key=\"last_name\"  aria-invalid=\"false\" \/>\n\n\t\t\t\t\t\t<\/div><\/div><div  id=\"um_field_25395_first_name\" class=\"um-field um-field-text  um-field-first_name um-field-text um-field-type_text\" data-key=\"first_name\"><div class=\"um-field-label\"><label for=\"first_name-25395\">Keresztn\u00e9v<\/label><div class=\"um-clear\"><\/div><\/div><div class=\"um-field-area\"><input  autocomplete=\"off\" class=\"um-form-field valid \" type=\"text\" name=\"first_name-25395\" id=\"first_name-25395\" value=\"\" placeholder=\"\" data-validate=\"\" data-key=\"first_name\"  aria-invalid=\"false\" \/>\n\n\t\t\t\t\t\t<\/div><\/div><div  id=\"um_field_25395_user_email\" class=\"um-field um-field-text  um-field-user_email um-field-text um-field-type_text\" data-key=\"user_email\"><div class=\"um-field-label\"><label for=\"user_email-25395\">E-mail c\u00edm<\/label><div class=\"um-clear\"><\/div><\/div><div class=\"um-field-area\"><input  autocomplete=\"off\" class=\"um-form-field valid not-required \" type=\"text\" name=\"user_email-25395\" id=\"user_email-25395\" value=\"\" placeholder=\"\" data-validate=\"unique_email\" data-key=\"user_email\"  aria-invalid=\"false\" \/>\n\n\t\t\t\t\t\t<\/div><\/div><div  id=\"um_field_25395_user_password\" class=\"um-field um-field-password  um-field-user_password um-field-password um-field-type_password\" data-key=\"user_password\"><div class=\"um-field-label\"><label for=\"user_password-25395\">Jelsz\u00f3<\/label><div class=\"um-clear\"><\/div><\/div><div class=\"um-field-area\"><input class=\"um-form-field valid \" type=\"password\" name=\"user_password-25395\" id=\"user_password-25395\" value=\"\" placeholder=\"\" data-validate=\"\" data-key=\"user_password\"  aria-invalid=\"false\" \/>\n\n\t\t\t\t\t\t\t<\/div><\/div><div  id=\"um_field_25395_confirm_user_password\" class=\"um-field um-field-password  um-field-user_password um-field-password um-field-type_password\" data-key=\"confirm_user_password\"><div class=\"um-field-label\"><label for=\"confirm_user_password-25395\">Confirm Password<\/label><div class=\"um-clear\"><\/div><\/div><div class=\"um-field-area\"><input class=\"um-form-field valid \" type=\"password\" name=\"confirm_user_password-25395\" id=\"confirm_user_password-25395\" value=\"\" placeholder=\"Confirm Password\" data-validate=\"\" data-key=\"confirm_user_password\"  aria-invalid=\"false\" \/><\/div><\/div><div  id=\"um_field_25395_city\" class=\"um-field um-field-text  um-field-city um-field-text um-field-type_text\" data-key=\"city\"><div class=\"um-field-label\"><label for=\"city-25395\">V\u00e1ros<\/label><div class=\"um-clear\"><\/div><\/div><div class=\"um-field-area\"><input  autocomplete=\"off\" class=\"um-form-field valid not-required \" type=\"text\" name=\"city-25395\" id=\"city-25395\" value=\"\" placeholder=\"\" data-validate=\"\" data-key=\"city\"  aria-invalid=\"false\" \/>\n\n\t\t\t\t\t\t<\/div><\/div><div  id=\"um_field_25395_ceg\" class=\"um-field um-field-text  um-field-ceg um-field-text um-field-type_text\" data-key=\"ceg\"><div class=\"um-field-label\"><label for=\"ceg-25395\">C\u00e9gn\u00e9v<\/label><div class=\"um-clear\"><\/div><\/div><div class=\"um-field-area\"><input  autocomplete=\"off\" class=\"um-form-field valid not-required \" type=\"text\" name=\"ceg-25395\" id=\"ceg-25395\" value=\"\" placeholder=\"\" data-validate=\"\" data-key=\"ceg\"  aria-invalid=\"false\" \/>\n\n\t\t\t\t\t\t<\/div><\/div><div  id=\"um_field_25395_phone_number\" class=\"um-field um-field-tel  um-field-phone_number um-field-tel um-field-type_tel\" data-key=\"phone_number\"><div class=\"um-field-label\"><label for=\"phone_number-25395\">Telefonsz\u00e1m<\/label><div class=\"um-clear\"><\/div><\/div><div class=\"um-field-area\"><input  autocomplete=\"off\" class=\"um-form-field valid \" type=\"tel\" name=\"phone_number-25395\" id=\"phone_number-25395\" value=\"\" placeholder=\"\" data-validate=\"phone_number\" data-key=\"phone_number\"  aria-invalid=\"false\" \/>\n\n\t\t\t\t\t\t<\/div><\/div><div  id=\"um_field_25395_kozm_bizonyitvany\" class=\"um-field um-field-text  um-field-kozm_bizonyitvany um-field-text um-field-type_text\" data-key=\"kozm_bizonyitvany\"><div class=\"um-field-label\"><label for=\"kozm_bizonyitvany-25395\">Kozmetikus bizony\u00edtv\u00e1ny sorsz\u00e1ma<\/label><div class=\"um-clear\"><\/div><\/div><div class=\"um-field-area\"><input  autocomplete=\"off\" class=\"um-form-field valid not-required \" type=\"text\" name=\"kozm_bizonyitvany-25395\" id=\"kozm_bizonyitvany-25395\" value=\"\" placeholder=\"\" data-validate=\"\" data-key=\"kozm_bizonyitvany\"  aria-invalid=\"false\" \/>\n\n\t\t\t\t\t\t<\/div><\/div><\/div><\/div>\t<input type=\"hidden\" name=\"form_id\" id=\"form_id_25395\" value=\"25395\" \/>\n\t\t<p class=\"um_request_name\">\n\t\t<label for=\"um_request_25395\">Only fill in if you are not human<\/label>\n\t\t<input type=\"hidden\" name=\"um_request\" id=\"um_request_25395\" class=\"input\" value=\"\" size=\"25\" autocomplete=\"off\" \/>\n\t<\/p>\n\t<input type=\"hidden\" id=\"_wpnonce\" name=\"_wpnonce\" value=\"bac2e9af41\" \/><input type=\"hidden\" name=\"_wp_http_referer\" value=\"\/index.php?rest_route=%2Fwp%2Fv2%2Fpages%2F35632\" \/>\n<div class=\"g-recaptcha\" id=\"um-25395\" data-mode=\"register\"><\/div>\n\n\n\t<div class=\"um-col-alt\">\n\n\t\t\n\t\t\t<div class=\"um-left um-half\">\n\t\t\t\t<input type=\"submit\" value=\"Regisztr\u00e1ci\u00f3\" class=\"um-button\" id=\"um-submit-btn\" \/>\n\t\t\t<\/div>\n\t\t\t<div class=\"um-right um-half\">\n\t\t\t\t<a href=\"https:\/\/staging.cremiacosmetics.com\/?page_id=13159\" class=\"um-button um-alt\">\n\t\t\t\t\tBel\u00e9p\u00e9s\t\t\t\t<\/a>\n\t\t\t<\/div>\n\n\t\t\n\t\t<div class=\"um-clear\"><\/div>\n\n\t<\/div>\n\n\t\t\t<\/form>\n\t<\/div>\n<\/div>\n<style>\n\t\t\t.um-25395.um {\n\t\t\tmax-width: 450px;\n\t\t}\n\t\t<\/style>\n\n\n<\/div>\n\t\t\t\t\t\t<\/div>\n\t\t\t\t<\/div>\n\t\t\t\t\t<\/div>\n\t\t<\/div>\n\t\t\t\t\t<\/div>\n\t\t<\/section>\n\t\t\t\t<section class=\"elementor-section elementor-top-section elementor-element elementor-element-5735af6 elementor-section-boxed elementor-section-height-default elementor-section-height-default\" data-id=\"5735af6\" data-element_type=\"section\" data-settings=\"{&quot;tmea_shape_divider_top&quot;:&quot;none&quot;,&quot;tmea_shape_divider_bottom&quot;:&quot;none&quot;}\">\n\t\t\t\t\t\t<div class=\"elementor-container elementor-column-gap-default\">\n\t\t\t\t\t<div class=\"elementor-column elementor-col-100 elementor-top-column elementor-element elementor-element-9382252\" data-id=\"9382252\" data-element_type=\"column\">\n\t\t\t<div class=\"elementor-widget-wrap elementor-element-populated\">\n\t\t\t\t\t\t<div class=\"elementor-element elementor-element-0f320f9 elementor-align-center elementor-widget elementor-widget-button\" data-id=\"0f320f9\" data-element_type=\"widget\" data-widget_type=\"button.default\">\n\t\t\t\t<div class=\"elementor-widget-container\">\n\t\t\t\t\t\t\t\t\t<div class=\"elementor-button-wrapper\">\n\t\t\t\t\t<a class=\"elementor-button elementor-button-link elementor-size-sm\" href=\"\/professional\">\n\t\t\t\t\t\t<span class=\"elementor-button-content-wrapper\">\n\t\t\t\t\t\t\t\t\t<span class=\"elementor-button-text\">Regisztr\u00e1ci\u00f3 ut\u00e1n l\u00e9pj \u00e1t a Professional oldalra<\/span>\n\t\t\t\t\t<\/span>\n\t\t\t\t\t<\/a>\n\t\t\t\t<\/div>\n\t\t\t\t\t\t\t\t<\/div>\n\t\t\t\t<\/div>\n\t\t\t\t\t<\/div>\n\t\t<\/div>\n\t\t\t\t\t<\/div>\n\t\t<\/section>\n\t\t\t\t<\/div>\n\t\t","protected":false},"excerpt":{"rendered":"<p>Kedves Kozmetikus Koll\u00e9ga! Nagy \u00f6r\u00f6mmel k\u00f6sz\u00f6nt\u00fcnk a Cremia Professional finom illat\u00fa nat\u00farkozmetikumok vil\u00e1g\u00e1ban! Mi\u00e9rt v\u00e1lassz minket? Fontos sz\u00e1munkra a hat\u00e9kony, finom illat\u00fa \u00e9s text\u00far\u00e1j\u00fa kozmetikumok fejleszt\u00e9se Izgalmas sz\u00e1munkra a modern nat\u00far kozmetikumok vil\u00e1ga, hiszen a n\u00f6v\u00e9nyi alapanyagok milli\u00f3 f\u00e9le megold\u00e1st ny\u00fajtanak c\u00e9ljaink el\u00e9r\u00e9s\u00e9hez. Amennyiben el\u00e9rhet\u0151, bio-, ECOCERT, COSMOS min\u0151s\u00edt\u00e9s\u0171 alapanyagokat haszn\u00e1lunk, de fontos sz\u00e1munkra az [&hellip;]<\/p>\n","protected":false},"author":16,"featured_media":0,"parent":0,"menu_order":0,"comment_status":"closed","ping_status":"closed","template":"","meta":{"footnotes":""},"class_list":["post-35632","page","type-page","status-publish","hentry"],"yoast_head":"<!-- This site is optimized with the Yoast SEO Premium plugin v24.9 (Yoast SEO v24.9) - https:\/\/yoast.com\/wordpress\/plugins\/seo\/ -->\n<title>Kozmetikusoknak - Cremia Cosmetics<\/title>\n<meta name=\"robots\" content=\"index, follow, max-snippet:-1, max-image-preview:large, max-video-preview:-1\" \/>\n<link rel=\"canonical\" href=\"https:\/\/staging.cremiacosmetics.com\/?page_id=35632\" \/>\n<meta property=\"og:locale\" content=\"en_US\" \/>\n<meta property=\"og:type\" content=\"article\" \/>\n<meta property=\"og:title\" content=\"Kozmetikusoknak\" \/>\n<meta property=\"og:description\" content=\"Kedves Kozmetikus Koll\u00e9ga! Nagy \u00f6r\u00f6mmel k\u00f6sz\u00f6nt\u00fcnk a Cremia Professional finom illat\u00fa nat\u00farkozmetikumok vil\u00e1g\u00e1ban! Mi\u00e9rt v\u00e1lassz minket? Fontos sz\u00e1munkra a hat\u00e9kony, finom illat\u00fa \u00e9s text\u00far\u00e1j\u00fa kozmetikumok fejleszt\u00e9se Izgalmas sz\u00e1munkra a modern nat\u00far kozmetikumok vil\u00e1ga, hiszen a n\u00f6v\u00e9nyi alapanyagok milli\u00f3 f\u00e9le megold\u00e1st ny\u00fajtanak c\u00e9ljaink el\u00e9r\u00e9s\u00e9hez. Amennyiben el\u00e9rhet\u0151, bio-, ECOCERT, COSMOS min\u0151s\u00edt\u00e9s\u0171 alapanyagokat haszn\u00e1lunk, de fontos sz\u00e1munkra az [&hellip;]\" \/>\n<meta property=\"og:url\" content=\"https:\/\/staging.cremiacosmetics.com\/?page_id=35632\" \/>\n<meta property=\"og:site_name\" content=\"Cremia Cosmetics\" \/>\n<meta property=\"article:publisher\" content=\"https:\/\/www.facebook.com\/cremiacosmetics\" \/>\n<meta property=\"article:modified_time\" content=\"2024-10-24T13:24:57+00:00\" \/>\n<meta name=\"twitter:card\" content=\"summary_large_image\" \/>\n<meta name=\"twitter:label1\" content=\"Est. reading time\" \/>\n\t<meta name=\"twitter:data1\" content=\"2 minutes\" \/>\n<script type=\"application\/ld+json\" class=\"yoast-schema-graph\">{\"@context\":\"https:\/\/schema.org\",\"@graph\":[{\"@type\":\"WebPage\",\"@id\":\"https:\/\/staging.cremiacosmetics.com\/?page_id=35632\",\"url\":\"https:\/\/staging.cremiacosmetics.com\/?page_id=35632\",\"name\":\"Kozmetikusoknak - Cremia Cosmetics\",\"isPartOf\":{\"@id\":\"https:\/\/staging.cremiacosmetics.com\/#website\"},\"datePublished\":\"2024-10-24T13:15:23+00:00\",\"dateModified\":\"2024-10-24T13:24:57+00:00\",\"breadcrumb\":{\"@id\":\"https:\/\/staging.cremiacosmetics.com\/?page_id=35632#breadcrumb\"},\"inLanguage\":\"en-US\",\"potentialAction\":[{\"@type\":\"ReadAction\",\"target\":[\"https:\/\/staging.cremiacosmetics.com\/?page_id=35632\"]}]},{\"@type\":\"BreadcrumbList\",\"@id\":\"https:\/\/staging.cremiacosmetics.com\/?page_id=35632#breadcrumb\",\"itemListElement\":[{\"@type\":\"ListItem\",\"position\":1,\"name\":\"Kezd\u0151lap\",\"item\":\"https:\/\/staging.cremiacosmetics.com\/\"},{\"@type\":\"ListItem\",\"position\":2,\"name\":\"Kozmetikusoknak\"}]},{\"@type\":\"WebSite\",\"@id\":\"https:\/\/staging.cremiacosmetics.com\/#website\",\"url\":\"https:\/\/staging.cremiacosmetics.com\/\",\"name\":\"Cremia Cosmetics\",\"description\":\"Nature-powered beauty\",\"publisher\":{\"@id\":\"https:\/\/staging.cremiacosmetics.com\/#organization\"},\"potentialAction\":[{\"@type\":\"SearchAction\",\"target\":{\"@type\":\"EntryPoint\",\"urlTemplate\":\"https:\/\/staging.cremiacosmetics.com\/?s={search_term_string}\"},\"query-input\":{\"@type\":\"PropertyValueSpecification\",\"valueRequired\":true,\"valueName\":\"search_term_string\"}}],\"inLanguage\":\"en-US\"},{\"@type\":\"Organization\",\"@id\":\"https:\/\/staging.cremiacosmetics.com\/#organization\",\"name\":\"Cremia Cosmetics\",\"url\":\"https:\/\/staging.cremiacosmetics.com\/\",\"logo\":{\"@type\":\"ImageObject\",\"inLanguage\":\"en-US\",\"@id\":\"https:\/\/staging.cremiacosmetics.com\/#\/schema\/logo\/image\/\",\"url\":\"https:\/\/staging.cremiacosmetics.com\/wp-content\/uploads\/2024\/03\/Cremia-logo-15x15mm.svg\",\"contentUrl\":\"https:\/\/staging.cremiacosmetics.com\/wp-content\/uploads\/2024\/03\/Cremia-logo-15x15mm.svg\",\"width\":42,\"height\":42,\"caption\":\"Cremia Cosmetics\"},\"image\":{\"@id\":\"https:\/\/staging.cremiacosmetics.com\/#\/schema\/logo\/image\/\"},\"sameAs\":[\"https:\/\/www.facebook.com\/cremiacosmetics\",\"https:\/\/www.instagram.com\/cremiacosmetics\/\"]}]}<\/script>\n<!-- \/ Yoast SEO Premium plugin. -->","yoast_head_json":{"title":"Kozmetikusoknak - Cremia Cosmetics","robots":{"index":"index","follow":"follow","max-snippet":"max-snippet:-1","max-image-preview":"max-image-preview:large","max-video-preview":"max-video-preview:-1"},"canonical":"https:\/\/staging.cremiacosmetics.com\/?page_id=35632","og_locale":"en_US","og_type":"article","og_title":"Kozmetikusoknak","og_description":"Kedves Kozmetikus Koll\u00e9ga! Nagy \u00f6r\u00f6mmel k\u00f6sz\u00f6nt\u00fcnk a Cremia Professional finom illat\u00fa nat\u00farkozmetikumok vil\u00e1g\u00e1ban! Mi\u00e9rt v\u00e1lassz minket? Fontos sz\u00e1munkra a hat\u00e9kony, finom illat\u00fa \u00e9s text\u00far\u00e1j\u00fa kozmetikumok fejleszt\u00e9se Izgalmas sz\u00e1munkra a modern nat\u00far kozmetikumok vil\u00e1ga, hiszen a n\u00f6v\u00e9nyi alapanyagok milli\u00f3 f\u00e9le megold\u00e1st ny\u00fajtanak c\u00e9ljaink el\u00e9r\u00e9s\u00e9hez. Amennyiben el\u00e9rhet\u0151, bio-, ECOCERT, COSMOS min\u0151s\u00edt\u00e9s\u0171 alapanyagokat haszn\u00e1lunk, de fontos sz\u00e1munkra az [&hellip;]","og_url":"https:\/\/staging.cremiacosmetics.com\/?page_id=35632","og_site_name":"Cremia Cosmetics","article_publisher":"https:\/\/www.facebook.com\/cremiacosmetics","article_modified_time":"2024-10-24T13:24:57+00:00","twitter_card":"summary_large_image","twitter_misc":{"Est. reading time":"2 minutes"},"schema":{"@context":"https:\/\/schema.org","@graph":[{"@type":"WebPage","@id":"https:\/\/staging.cremiacosmetics.com\/?page_id=35632","url":"https:\/\/staging.cremiacosmetics.com\/?page_id=35632","name":"Kozmetikusoknak - Cremia Cosmetics","isPartOf":{"@id":"https:\/\/staging.cremiacosmetics.com\/#website"},"datePublished":"2024-10-24T13:15:23+00:00","dateModified":"2024-10-24T13:24:57+00:00","breadcrumb":{"@id":"https:\/\/staging.cremiacosmetics.com\/?page_id=35632#breadcrumb"},"inLanguage":"en-US","potentialAction":[{"@type":"ReadAction","target":["https:\/\/staging.cremiacosmetics.com\/?page_id=35632"]}]},{"@type":"BreadcrumbList","@id":"https:\/\/staging.cremiacosmetics.com\/?page_id=35632#breadcrumb","itemListElement":[{"@type":"ListItem","position":1,"name":"Kezd\u0151lap","item":"https:\/\/staging.cremiacosmetics.com\/"},{"@type":"ListItem","position":2,"name":"Kozmetikusoknak"}]},{"@type":"WebSite","@id":"https:\/\/staging.cremiacosmetics.com\/#website","url":"https:\/\/staging.cremiacosmetics.com\/","name":"Cremia Cosmetics","description":"Nature-powered beauty","publisher":{"@id":"https:\/\/staging.cremiacosmetics.com\/#organization"},"potentialAction":[{"@type":"SearchAction","target":{"@type":"EntryPoint","urlTemplate":"https:\/\/staging.cremiacosmetics.com\/?s={search_term_string}"},"query-input":{"@type":"PropertyValueSpecification","valueRequired":true,"valueName":"search_term_string"}}],"inLanguage":"en-US"},{"@type":"Organization","@id":"https:\/\/staging.cremiacosmetics.com\/#organization","name":"Cremia Cosmetics","url":"https:\/\/staging.cremiacosmetics.com\/","logo":{"@type":"ImageObject","inLanguage":"en-US","@id":"https:\/\/staging.cremiacosmetics.com\/#\/schema\/logo\/image\/","url":"https:\/\/staging.cremiacosmetics.com\/wp-content\/uploads\/2024\/03\/Cremia-logo-15x15mm.svg","contentUrl":"https:\/\/staging.cremiacosmetics.com\/wp-content\/uploads\/2024\/03\/Cremia-logo-15x15mm.svg","width":42,"height":42,"caption":"Cremia Cosmetics"},"image":{"@id":"https:\/\/staging.cremiacosmetics.com\/#\/schema\/logo\/image\/"},"sameAs":["https:\/\/www.facebook.com\/cremiacosmetics","https:\/\/www.instagram.com\/cremiacosmetics\/"]}]}},"_links":{"self":[{"href":"https:\/\/staging.cremiacosmetics.com\/index.php?rest_route=\/wp\/v2\/pages\/35632","targetHints":{"allow":["GET"]}}],"collection":[{"href":"https:\/\/staging.cremiacosmetics.com\/index.php?rest_route=\/wp\/v2\/pages"}],"about":[{"href":"https:\/\/staging.cremiacosmetics.com\/index.php?rest_route=\/wp\/v2\/types\/page"}],"author":[{"embeddable":true,"href":"https:\/\/staging.cremiacosmetics.com\/index.php?rest_route=\/wp\/v2\/users\/16"}],"replies":[{"embeddable":true,"href":"https:\/\/staging.cremiacosmetics.com\/index.php?rest_route=%2Fwp%2Fv2%2Fcomments&post=35632"}],"version-history":[{"count":4,"href":"https:\/\/staging.cremiacosmetics.com\/index.php?rest_route=\/wp\/v2\/pages\/35632\/revisions"}],"predecessor-version":[{"id":35636,"href":"https:\/\/staging.cremiacosmetics.com\/index.php?rest_route=\/wp\/v2\/pages\/35632\/revisions\/35636"}],"wp:attachment":[{"href":"https:\/\/staging.cremiacosmetics.com\/index.php?rest_route=%2Fwp%2Fv2%2Fmedia&parent=35632"}],"curies":[{"name":"wp","href":"https:\/\/api.w.org\/{rel}","templated":true}]}}