{"id":23363,"date":"2020-10-15T14:10:58","date_gmt":"2020-10-15T14:10:58","guid":{"rendered":"https:\/\/cremiocosmetics.com\/?page_id=23363"},"modified":"2024-05-13T15:10:48","modified_gmt":"2024-05-13T13:10:48","slug":"pigmentfoltos-bor-apolasa","status":"publish","type":"page","link":"https:\/\/staging.cremiacosmetics.com\/?page_id=23363","title":{"rendered":"Pigmentfoltos b\u0151r \u00e1pol\u00e1sa"},"content":{"rendered":"\t\t<div data-elementor-type=\"wp-page\" data-elementor-id=\"23363\" class=\"elementor elementor-23363\" data-elementor-post-type=\"page\">\n\t\t\t\t\t\t<section class=\"elementor-section elementor-top-section elementor-element elementor-element-27b51dec elementor-section-stretched elementor-section-full_width elementor-hidden-phone elementor-section-height-default elementor-section-height-default\" data-id=\"27b51dec\" data-element_type=\"section\" data-settings=\"{&quot;stretch_section&quot;:&quot;section-stretched&quot;,&quot;tmea_shape_divider_top&quot;:&quot;none&quot;,&quot;tmea_shape_divider_bottom&quot;:&quot;none&quot;}\">\n\t\t\t\t\t\t<div class=\"elementor-container elementor-column-gap-default\">\n\t\t\t\t\t<div class=\"elementor-column elementor-col-100 elementor-top-column elementor-element elementor-element-5ac5daf1\" data-id=\"5ac5daf1\" data-element_type=\"column\">\n\t\t\t<div class=\"elementor-widget-wrap elementor-element-populated\">\n\t\t\t\t\n\t\t<div class=\"elementor-element elementor-element-7331f272 elementor-widget elementor-widget-heading\" data-id=\"7331f272\" data-element_type=\"widget\" data-widget_type=\"heading.default\">\n\t\t\t\t<div class=\"elementor-widget-container\">\n\t\t\t\t\t<h2 class=\"elementor-heading-title elementor-size-default\">Pigmentfoltos b\u0151r\u00f6d van?<\/h2>\t\t\t\t<\/div>\n\t\t\t\t<\/div>\n\t\t\t\t\t<\/div>\n\t\t<\/div>\n\t\t\t\t\t<\/div>\n\t\t<\/section>\n\t\t\t\t<section class=\"elementor-section elementor-top-section elementor-element elementor-element-51fc6e52 elementor-section-stretched elementor-reverse-mobile elementor-section-boxed elementor-section-height-default elementor-section-height-default\" data-id=\"51fc6e52\" data-element_type=\"section\" data-settings=\"{&quot;stretch_section&quot;:&quot;section-stretched&quot;,&quot;background_background&quot;:&quot;classic&quot;,&quot;tmea_shape_divider_top&quot;:&quot;none&quot;,&quot;tmea_shape_divider_bottom&quot;:&quot;none&quot;}\">\n\t\t\t\t\t\t<div class=\"elementor-container elementor-column-gap-default\">\n\t\t\t\t\t<div class=\"elementor-column elementor-col-100 elementor-top-column elementor-element elementor-element-15782ff8\" data-id=\"15782ff8\" data-element_type=\"column\">\n\t\t\t<div class=\"elementor-widget-wrap elementor-element-populated\">\n\t\t\t\t\t\t<div class=\"elementor-element elementor-element-160c2b87 elementor-widget elementor-widget-text-editor\" data-id=\"160c2b87\" data-element_type=\"widget\" data-widget_type=\"text-editor.default\">\n\t\t\t\t<div class=\"elementor-widget-container\">\n\t\t\t\t\t\t\t\t\t<p><strong>Pigmentfoltok, szepl\u0151k?<\/strong> Sokszor hormon\u00e1lis v\u00e1ltoz\u00e1s, p\u00e9ld\u00e1ul a v\u00e1rand\u00f3ss\u00e1g eredm\u00e9nyezi a pigmentfoltokat, amiket legt\u00f6bbsz\u00f6r megpr\u00f3b\u00e1lunk alapoz\u00f3val, korrektorral l\u00e1thatatlann\u00e1 tenni. A napsug\u00e1rz\u00e1s hat\u00e1sa is fokozza a pigment foltok terjed\u00e9s\u00e9t \u00e9s sz\u00edn\u00e9t is. Eg\u00e9sz \u00e9vben \u00e9rdemes f\u00e9nyv\u00e9d\u0151 k\u00e9sz\u00edtm\u00e9nyeket haszn\u00e1lni a pigmentfoltoss\u00e1gra hajlamos b\u0151r v\u00e9delm\u00e9ben. Sok esetben a hormon h\u00e1ztart\u00e1s helyre\u00e1ll\u00edt\u00e1s\u00e1val elt\u0171nhetnek a pigment foltok. Ha m\u00e9gsem, term\u00e9keink seg\u00edtenek ezeket halv\u00e1nyabb\u00e1 tenni. Vannak olyan n\u00f6v\u00e9nyi alapanyagok, amelyek rendszeres haszn\u00e1lat\u00e1val jelent\u0151s sz\u00ednkorrekci\u00f3t lehet el\u00e9rni. Neked aj\u00e1nlott term\u00e9keinkben C vitamin \u00e9s Feh\u00e9r liliom kivonat tal\u00e1lhat\u00f3. Nagyon sz\u00e9p eredm\u00e9nyeket lehet el\u00e9rni ezen Cremia term\u00e9kek mindennapos haszn\u00e1lat\u00e1val:<\/p>\t\t\t\t\t\t\t\t<\/div>\n\t\t\t\t<\/div>\n\t\t\t\t\t<\/div>\n\t\t<\/div>\n\t\t\t\t\t<\/div>\n\t\t<\/section>\n\t\t\t\t<section class=\"elementor-section elementor-top-section elementor-element elementor-element-d235825 elementor-section-boxed elementor-section-height-default elementor-section-height-default\" data-id=\"d235825\" data-element_type=\"section\" data-settings=\"{&quot;tmea_shape_divider_top&quot;:&quot;none&quot;,&quot;tmea_shape_divider_bottom&quot;:&quot;none&quot;}\">\n\t\t\t\t\t\t<div class=\"elementor-container elementor-column-gap-default\">\n\t\t\t\t\t<div class=\"elementor-column elementor-col-100 elementor-top-column elementor-element elementor-element-da819f8\" data-id=\"da819f8\" data-element_type=\"column\">\n\t\t\t<div class=\"elementor-widget-wrap elementor-element-populated\">\n\t\t\t\t\t\t<div class=\"elementor-element elementor-element-d7db2c0 elementor-widget elementor-widget-text-editor\" data-id=\"d7db2c0\" data-element_type=\"widget\" data-widget_type=\"text-editor.default\">\n\t\t\t\t<div class=\"elementor-widget-container\">\n\t\t\t\t\t\t\t\t\t<p>Reggel \u00e9s este tiszt\u00edtsd le arcb\u0151r\u00f6det Milky Way arctejjel, hidrat\u00e1ld\u00a0<strong>Vitamin Booster A+C+E+B3<\/strong>\u00a0vitaminos kr\u00e9m\u00fcnkkel kieg\u00e9sz\u00edtve a finom illat\u00fa gyeng\u00e9d\u00a0<strong>Lily serum-mal<\/strong>, amit minden b\u0151rt\u00edpus j\u00f3l toler\u00e1l.\u00a0<strong>BB Hyaluron sz\u00ednezett kr\u00e9m<\/strong>\u00fcnk t\u00f6k\u00e9letesen hidrat\u00e1lja b\u0151r\u00f6det \u00e9s sz\u00e9pen elfedi a foltokat. A Cremia term\u00e9kek k\u00f6z\u00f6tt tal\u00e1lsz k\u00fcl\u00f6nb\u00f6z\u0151 f\u00e9nyv\u00e9d\u0151 faktor\u00fa hidrat\u00e1l\u00f3 t\u00e1pl\u00e1l\u00f3 k\u00e9sz\u00edtm\u00e9nyeket, b\u0151r\u00f6d sz\u00e9ps\u00e9g\u00e9nek meg\u0151rz\u00e9se \u00e9rdek\u00e9ben haszn\u00e1ld \u0151ket mindennap.<\/p>\t\t\t\t\t\t\t\t<\/div>\n\t\t\t\t<\/div>\n\t\t\t\t\t<\/div>\n\t\t<\/div>\n\t\t\t\t\t<\/div>\n\t\t<\/section>\n\t\t\t\t<section class=\"elementor-section elementor-top-section elementor-element elementor-element-1e4e2423 elementor-section-boxed elementor-section-height-default elementor-section-height-default\" data-id=\"1e4e2423\" data-element_type=\"section\" data-settings=\"{&quot;tmea_shape_divider_top&quot;:&quot;none&quot;,&quot;tmea_shape_divider_bottom&quot;:&quot;none&quot;}\">\n\t\t\t\t\t\t<div class=\"elementor-container elementor-column-gap-default\">\n\t\t\t\t\t<div class=\"elementor-column elementor-col-100 elementor-top-column elementor-element elementor-element-5e53066b\" data-id=\"5e53066b\" data-element_type=\"column\">\n\t\t\t<div class=\"elementor-widget-wrap elementor-element-populated\">\n\t\t\t\t\t\t<div class=\"elementor-element elementor-element-2b188127 elementor-grid-4 elementor-grid-tablet-3 elementor-grid-mobile-2 elementor-products-grid elementor-wc-products elementor-widget elementor-widget-woocommerce-products\" data-id=\"2b188127\" data-element_type=\"widget\" data-widget_type=\"woocommerce-products.default\">\n\t\t\t\t<div class=\"elementor-widget-container\">\n\t\t\t\t\t<div class=\"woocommerce columns-4 \"><ul class=\"products elementor-grid columns-4\">\n<li class=\"product type-product post-23339 status-publish first instock product_cat-pigmentfoltos-borre product_cat-arcapolas product_cat-lakossagi-termekek product_cat-olajkompoziciok product_cat-osszes product_cat-szerumok product_cat-uj-olajkompoziciok product_tag-kozmetikus-kedvezmeny product_tag-lily product_tag-olajszerum product_tag-serum-en-hu has-post-thumbnail taxable shipping-taxable purchasable product-type-simple\">\n\t<a href=\"https:\/\/staging.cremiacosmetics.com\/?product=lily-serum\" class=\"woocommerce-LoopProduct-link woocommerce-loop-product__link\"><img fetchpriority=\"high\" decoding=\"async\" width=\"800\" height=\"800\" src=\"https:\/\/staging.cremiacosmetics.com\/wp-content\/uploads\/2024\/03\/Cremia_Lily-serum_800.jpg\" class=\"attachment-woocommerce_thumbnail size-woocommerce_thumbnail\" alt=\"Cremia Lily Serum\" srcset=\"https:\/\/staging.cremiacosmetics.com\/wp-content\/uploads\/2024\/03\/Cremia_Lily-serum_800.jpg 800w, https:\/\/staging.cremiacosmetics.com\/wp-content\/uploads\/2024\/03\/Cremia_Lily-serum_800-100x100.jpg 100w, https:\/\/staging.cremiacosmetics.com\/wp-content\/uploads\/2024\/03\/Cremia_Lily-serum_800-300x300.jpg 300w, https:\/\/staging.cremiacosmetics.com\/wp-content\/uploads\/2024\/03\/Cremia_Lily-serum_800-150x150.jpg 150w, https:\/\/staging.cremiacosmetics.com\/wp-content\/uploads\/2024\/03\/Cremia_Lily-serum_800-768x768.jpg 768w, https:\/\/staging.cremiacosmetics.com\/wp-content\/uploads\/2024\/03\/Cremia_Lily-serum_800-600x600.jpg 600w\" sizes=\"(max-width: 800px) 100vw, 800px\" \/><h2 class=\"woocommerce-loop-product__title\">Lily serum 15 ml<\/h2>\n\t<span class=\"price\"><span class=\"woocommerce-Price-amount amount\"><bdi>9 890&nbsp;<span class=\"woocommerce-Price-currencySymbol\">&#70;&#116;<\/span><\/bdi><\/span><\/span>\n<\/a><a href=\"?add-to-cart=23339\" aria-describedby=\"woocommerce_loop_add_to_cart_link_describedby_23339\" data-quantity=\"1\" class=\"button product_type_simple add_to_cart_button ajax_add_to_cart\" data-product_id=\"23339\" data-product_sku=\"C-LS-HU-15\" aria-label=\"Add to cart: &ldquo;Lily serum 15 ml&rdquo;\" rel=\"nofollow\" data-success_message=\"&ldquo;Lily serum 15 ml&rdquo; has been added to your cart\">Add to cart<\/a>\t<span id=\"woocommerce_loop_add_to_cart_link_describedby_23339\" class=\"screen-reader-text\">\n\t\t\t<\/span>\n<\/li>\n<li class=\"product type-product post-23462 status-publish instock product_cat-pigmentfoltos-borre product_cat-hidratalas-ejjel-nappal product_cat-arcapolas product_cat-ejszakai-arckremek product_cat-hidratalas product_cat-lakossagi-termekek product_cat-osszes product_cat-premium product_tag-c-vitamin product_tag-cremio product_tag-ejszakai-krem product_tag-hidratalas product_tag-niacinamid product_tag-vitamin-en has-post-thumbnail taxable shipping-taxable purchasable product-type-simple\">\n\t<a href=\"https:\/\/staging.cremiacosmetics.com\/?product=vitamin-booster-vitaminos-ejszakai-krem\" class=\"woocommerce-LoopProduct-link woocommerce-loop-product__link\"><img decoding=\"async\" width=\"800\" height=\"800\" src=\"https:\/\/staging.cremiacosmetics.com\/wp-content\/uploads\/2024\/03\/Cremia_Vitamin-booster_800.jpg\" class=\"attachment-woocommerce_thumbnail size-woocommerce_thumbnail\" alt=\"Cremia Vitamin booster\" srcset=\"https:\/\/staging.cremiacosmetics.com\/wp-content\/uploads\/2024\/03\/Cremia_Vitamin-booster_800.jpg 800w, https:\/\/staging.cremiacosmetics.com\/wp-content\/uploads\/2024\/03\/Cremia_Vitamin-booster_800-100x100.jpg 100w, https:\/\/staging.cremiacosmetics.com\/wp-content\/uploads\/2024\/03\/Cremia_Vitamin-booster_800-300x300.jpg 300w, https:\/\/staging.cremiacosmetics.com\/wp-content\/uploads\/2024\/03\/Cremia_Vitamin-booster_800-150x150.jpg 150w, https:\/\/staging.cremiacosmetics.com\/wp-content\/uploads\/2024\/03\/Cremia_Vitamin-booster_800-768x768.jpg 768w, https:\/\/staging.cremiacosmetics.com\/wp-content\/uploads\/2024\/03\/Cremia_Vitamin-booster_800-600x600.jpg 600w\" sizes=\"(max-width: 800px) 100vw, 800px\" \/><h2 class=\"woocommerce-loop-product__title\">Vitamin Booster A+C+E+B3 vitaminos \u00e9jszakai arckr\u00e9m 50 ml<\/h2><div class=\"star-rating\" role=\"img\" aria-label=\"Rated 5.00 out of 5\"><span style=\"width:100%\">Rated <strong class=\"rating\">5.00<\/strong> out of 5<\/span><\/div>\n\t<span class=\"price\"><span class=\"woocommerce-Price-amount amount\"><bdi>18 990&nbsp;<span class=\"woocommerce-Price-currencySymbol\">&#70;&#116;<\/span><\/bdi><\/span><\/span>\n<\/a><a href=\"?add-to-cart=23462\" aria-describedby=\"woocommerce_loop_add_to_cart_link_describedby_23462\" data-quantity=\"1\" class=\"button product_type_simple add_to_cart_button ajax_add_to_cart\" data-product_id=\"23462\" data-product_sku=\"C-VB-HU-50\" aria-label=\"Add to cart: &ldquo;Vitamin Booster A+C+E+B3 vitaminos \u00e9jszakai arckr\u00e9m 50 ml&rdquo;\" rel=\"nofollow\" data-success_message=\"&ldquo;Vitamin Booster A+C+E+B3 vitaminos \u00e9jszakai arckr\u00e9m 50 ml&rdquo; has been added to your cart\">Add to cart<\/a>\t<span id=\"woocommerce_loop_add_to_cart_link_describedby_23462\" class=\"screen-reader-text\">\n\t\t\t<\/span>\n<\/li>\n<li class=\"product type-product post-24929 status-publish instock product_cat-bb-es-spf product_cat-befejezes product_cat-befejezo-lepes product_cat-lakossagi-termekek product_cat-osszes product_tag-hialuron-en product_tag-hidratalas product_tag-hyaluron-en-hu product_tag-kozmetikus-kedvezmeny product_tag-krem product_tag-szinezett-hidratalo has-post-thumbnail taxable shipping-taxable purchasable product-type-simple\">\n\t<a href=\"https:\/\/staging.cremiacosmetics.com\/?product=bb-hyaluron-nude\" class=\"woocommerce-LoopProduct-link woocommerce-loop-product__link\"><img decoding=\"async\" width=\"800\" height=\"800\" src=\"https:\/\/staging.cremiacosmetics.com\/wp-content\/uploads\/2024\/03\/Cremia_BB-Hyaluron-Nude_800.jpg\" class=\"attachment-woocommerce_thumbnail size-woocommerce_thumbnail\" alt=\"Cremia BB Hyaluron Cream - Nude\" srcset=\"https:\/\/staging.cremiacosmetics.com\/wp-content\/uploads\/2024\/03\/Cremia_BB-Hyaluron-Nude_800.jpg 800w, https:\/\/staging.cremiacosmetics.com\/wp-content\/uploads\/2024\/03\/Cremia_BB-Hyaluron-Nude_800-100x100.jpg 100w, https:\/\/staging.cremiacosmetics.com\/wp-content\/uploads\/2024\/03\/Cremia_BB-Hyaluron-Nude_800-300x300.jpg 300w, https:\/\/staging.cremiacosmetics.com\/wp-content\/uploads\/2024\/03\/Cremia_BB-Hyaluron-Nude_800-150x150.jpg 150w, https:\/\/staging.cremiacosmetics.com\/wp-content\/uploads\/2024\/03\/Cremia_BB-Hyaluron-Nude_800-768x768.jpg 768w, https:\/\/staging.cremiacosmetics.com\/wp-content\/uploads\/2024\/03\/Cremia_BB-Hyaluron-Nude_800-600x600.jpg 600w\" sizes=\"(max-width: 800px) 100vw, 800px\" \/><h2 class=\"woocommerce-loop-product__title\">BB Hyaluron Nude sz\u00ednezett hidrat\u00e1l\u00f3 kr\u00e9m 50 ml<\/h2>\n\t<span class=\"price\"><span class=\"woocommerce-Price-amount amount\"><bdi>19 990&nbsp;<span class=\"woocommerce-Price-currencySymbol\">&#70;&#116;<\/span><\/bdi><\/span><\/span>\n<\/a><a href=\"?add-to-cart=24929\" aria-describedby=\"woocommerce_loop_add_to_cart_link_describedby_24929\" data-quantity=\"1\" class=\"button product_type_simple add_to_cart_button ajax_add_to_cart\" data-product_id=\"24929\" data-product_sku=\"C-BBN-HU-50\" aria-label=\"Add to cart: &ldquo;BB Hyaluron Nude sz\u00ednezett hidrat\u00e1l\u00f3 kr\u00e9m 50 ml&rdquo;\" rel=\"nofollow\" data-success_message=\"&ldquo;BB Hyaluron Nude sz\u00ednezett hidrat\u00e1l\u00f3 kr\u00e9m 50 ml&rdquo; has been added to your cart\">Add to cart<\/a>\t<span id=\"woocommerce_loop_add_to_cart_link_describedby_24929\" class=\"screen-reader-text\">\n\t\t\t<\/span>\n<\/li>\n<li class=\"product type-product post-28493 status-publish last instock product_cat-arcapolas product_cat-arctisztitas product_cat-arctisztitas-tonizalas product_cat-lakossagi-termekek product_cat-osszes product_cat-ujdonsagok has-post-thumbnail taxable shipping-taxable purchasable product-type-simple\">\n\t<a href=\"https:\/\/staging.cremiacosmetics.com\/?product=milky-way-arctej-150ml\" class=\"woocommerce-LoopProduct-link woocommerce-loop-product__link\"><img loading=\"lazy\" decoding=\"async\" width=\"800\" height=\"800\" src=\"https:\/\/staging.cremiacosmetics.com\/wp-content\/uploads\/2024\/03\/Cremia_Milky-way_800.jpg\" class=\"attachment-woocommerce_thumbnail size-woocommerce_thumbnail\" alt=\"Cremia Milky Way\" srcset=\"https:\/\/staging.cremiacosmetics.com\/wp-content\/uploads\/2024\/03\/Cremia_Milky-way_800.jpg 800w, https:\/\/staging.cremiacosmetics.com\/wp-content\/uploads\/2024\/03\/Cremia_Milky-way_800-100x100.jpg 100w, https:\/\/staging.cremiacosmetics.com\/wp-content\/uploads\/2024\/03\/Cremia_Milky-way_800-300x300.jpg 300w, https:\/\/staging.cremiacosmetics.com\/wp-content\/uploads\/2024\/03\/Cremia_Milky-way_800-150x150.jpg 150w, https:\/\/staging.cremiacosmetics.com\/wp-content\/uploads\/2024\/03\/Cremia_Milky-way_800-768x768.jpg 768w, https:\/\/staging.cremiacosmetics.com\/wp-content\/uploads\/2024\/03\/Cremia_Milky-way_800-600x600.jpg 600w\" sizes=\"(max-width: 800px) 100vw, 800px\" \/><h2 class=\"woocommerce-loop-product__title\">Milky Way arctej 150ml<\/h2>\n\t<span class=\"price\"><span class=\"woocommerce-Price-amount amount\"><bdi>8 590&nbsp;<span class=\"woocommerce-Price-currencySymbol\">&#70;&#116;<\/span><\/bdi><\/span><\/span>\n<\/a><a href=\"?add-to-cart=28493\" aria-describedby=\"woocommerce_loop_add_to_cart_link_describedby_28493\" data-quantity=\"1\" class=\"button product_type_simple add_to_cart_button ajax_add_to_cart\" data-product_id=\"28493\" data-product_sku=\"C-MW-HU-150\" aria-label=\"Add to cart: &ldquo;Milky Way arctej 150ml&rdquo;\" rel=\"nofollow\" data-success_message=\"&ldquo;Milky Way arctej 150ml&rdquo; has been added to your cart\">Add to cart<\/a>\t<span id=\"woocommerce_loop_add_to_cart_link_describedby_28493\" class=\"screen-reader-text\">\n\t\t\t<\/span>\n<\/li>\n<\/ul>\n<\/div>\t\t\t\t<\/div>\n\t\t\t\t<\/div>\n\t\t\t\t\t<\/div>\n\t\t<\/div>\n\t\t\t\t\t<\/div>\n\t\t<\/section>\n\t\t\t\t<\/div>\n\t\t","protected":false},"excerpt":{"rendered":"<p>Pigmentfoltos b\u0151r\u00f6d van? Pigmentfoltok, szepl\u0151k? Sokszor hormon\u00e1lis v\u00e1ltoz\u00e1s, p\u00e9ld\u00e1ul a v\u00e1rand\u00f3ss\u00e1g eredm\u00e9nyezi a pigmentfoltokat, amiket legt\u00f6bbsz\u00f6r megpr\u00f3b\u00e1lunk alapoz\u00f3val, korrektorral l\u00e1thatatlann\u00e1 tenni. A napsug\u00e1rz\u00e1s hat\u00e1sa is fokozza a pigment foltok terjed\u00e9s\u00e9t \u00e9s sz\u00edn\u00e9t is. Eg\u00e9sz \u00e9vben \u00e9rdemes f\u00e9nyv\u00e9d\u0151 k\u00e9sz\u00edtm\u00e9nyeket haszn\u00e1lni a pigmentfoltoss\u00e1gra hajlamos b\u0151r v\u00e9delm\u00e9ben. Sok esetben a hormon h\u00e1ztart\u00e1s helyre\u00e1ll\u00edt\u00e1s\u00e1val elt\u0171nhetnek a pigment foltok. Ha [&hellip;]<\/p>\n","protected":false},"author":16,"featured_media":0,"parent":0,"menu_order":0,"comment_status":"closed","ping_status":"closed","template":"elementor_header_footer","meta":{"footnotes":""},"class_list":["post-23363","page","type-page","status-publish","hentry"],"yoast_head":"<!-- This site is optimized with the Yoast SEO Premium plugin v24.9 (Yoast SEO v24.9) - https:\/\/yoast.com\/wordpress\/plugins\/seo\/ -->\n<title>Pigmentfoltos b\u0151r \u00e1pol\u00e1sa - Cremia Cosmetics<\/title>\n<meta name=\"robots\" content=\"index, follow, max-snippet:-1, max-image-preview:large, max-video-preview:-1\" \/>\n<link rel=\"canonical\" href=\"https:\/\/staging.cremiacosmetics.com\/?page_id=23363\" \/>\n<meta property=\"og:locale\" content=\"en_US\" \/>\n<meta property=\"og:type\" content=\"article\" \/>\n<meta property=\"og:title\" content=\"Pigmentfoltos b\u0151r \u00e1pol\u00e1sa\" \/>\n<meta property=\"og:description\" content=\"Pigmentfoltos b\u0151r\u00f6d van? Pigmentfoltok, szepl\u0151k? Sokszor hormon\u00e1lis v\u00e1ltoz\u00e1s, p\u00e9ld\u00e1ul a v\u00e1rand\u00f3ss\u00e1g eredm\u00e9nyezi a pigmentfoltokat, amiket legt\u00f6bbsz\u00f6r megpr\u00f3b\u00e1lunk alapoz\u00f3val, korrektorral l\u00e1thatatlann\u00e1 tenni. A napsug\u00e1rz\u00e1s hat\u00e1sa is fokozza a pigment foltok terjed\u00e9s\u00e9t \u00e9s sz\u00edn\u00e9t is. Eg\u00e9sz \u00e9vben \u00e9rdemes f\u00e9nyv\u00e9d\u0151 k\u00e9sz\u00edtm\u00e9nyeket haszn\u00e1lni a pigmentfoltoss\u00e1gra hajlamos b\u0151r v\u00e9delm\u00e9ben. Sok esetben a hormon h\u00e1ztart\u00e1s helyre\u00e1ll\u00edt\u00e1s\u00e1val elt\u0171nhetnek a pigment foltok. Ha [&hellip;]\" \/>\n<meta property=\"og:url\" content=\"https:\/\/staging.cremiacosmetics.com\/?page_id=23363\" \/>\n<meta property=\"og:site_name\" content=\"Cremia Cosmetics\" \/>\n<meta property=\"article:publisher\" content=\"https:\/\/www.facebook.com\/cremiacosmetics\" \/>\n<meta property=\"article:modified_time\" content=\"2024-05-13T13:10:48+00:00\" \/>\n<meta name=\"twitter:card\" content=\"summary_large_image\" \/>\n<meta name=\"twitter:label1\" content=\"Est. reading time\" \/>\n\t<meta name=\"twitter:data1\" content=\"2 minutes\" \/>\n<script type=\"application\/ld+json\" class=\"yoast-schema-graph\">{\"@context\":\"https:\/\/schema.org\",\"@graph\":[{\"@type\":\"WebPage\",\"@id\":\"https:\/\/staging.cremiacosmetics.com\/?page_id=23363\",\"url\":\"https:\/\/staging.cremiacosmetics.com\/?page_id=23363\",\"name\":\"Pigmentfoltos b\u0151r \u00e1pol\u00e1sa - Cremia Cosmetics\",\"isPartOf\":{\"@id\":\"https:\/\/staging.cremiacosmetics.com\/#website\"},\"datePublished\":\"2020-10-15T14:10:58+00:00\",\"dateModified\":\"2024-05-13T13:10:48+00:00\",\"breadcrumb\":{\"@id\":\"https:\/\/staging.cremiacosmetics.com\/?page_id=23363#breadcrumb\"},\"inLanguage\":\"en-US\",\"potentialAction\":[{\"@type\":\"ReadAction\",\"target\":[\"https:\/\/staging.cremiacosmetics.com\/?page_id=23363\"]}]},{\"@type\":\"BreadcrumbList\",\"@id\":\"https:\/\/staging.cremiacosmetics.com\/?page_id=23363#breadcrumb\",\"itemListElement\":[{\"@type\":\"ListItem\",\"position\":1,\"name\":\"Kezd\u0151lap\",\"item\":\"https:\/\/staging.cremiacosmetics.com\/\"},{\"@type\":\"ListItem\",\"position\":2,\"name\":\"Pigmentfoltos b\u0151r \u00e1pol\u00e1sa\"}]},{\"@type\":\"WebSite\",\"@id\":\"https:\/\/staging.cremiacosmetics.com\/#website\",\"url\":\"https:\/\/staging.cremiacosmetics.com\/\",\"name\":\"Cremia Cosmetics\",\"description\":\"Nature-powered beauty\",\"publisher\":{\"@id\":\"https:\/\/staging.cremiacosmetics.com\/#organization\"},\"potentialAction\":[{\"@type\":\"SearchAction\",\"target\":{\"@type\":\"EntryPoint\",\"urlTemplate\":\"https:\/\/staging.cremiacosmetics.com\/?s={search_term_string}\"},\"query-input\":{\"@type\":\"PropertyValueSpecification\",\"valueRequired\":true,\"valueName\":\"search_term_string\"}}],\"inLanguage\":\"en-US\"},{\"@type\":\"Organization\",\"@id\":\"https:\/\/staging.cremiacosmetics.com\/#organization\",\"name\":\"Cremia Cosmetics\",\"url\":\"https:\/\/staging.cremiacosmetics.com\/\",\"logo\":{\"@type\":\"ImageObject\",\"inLanguage\":\"en-US\",\"@id\":\"https:\/\/staging.cremiacosmetics.com\/#\/schema\/logo\/image\/\",\"url\":\"https:\/\/staging.cremiacosmetics.com\/wp-content\/uploads\/2024\/03\/Cremia-logo-15x15mm.svg\",\"contentUrl\":\"https:\/\/staging.cremiacosmetics.com\/wp-content\/uploads\/2024\/03\/Cremia-logo-15x15mm.svg\",\"width\":42,\"height\":42,\"caption\":\"Cremia Cosmetics\"},\"image\":{\"@id\":\"https:\/\/staging.cremiacosmetics.com\/#\/schema\/logo\/image\/\"},\"sameAs\":[\"https:\/\/www.facebook.com\/cremiacosmetics\",\"https:\/\/www.instagram.com\/cremiacosmetics\/\"]}]}<\/script>\n<!-- \/ Yoast SEO Premium plugin. -->","yoast_head_json":{"title":"Pigmentfoltos b\u0151r \u00e1pol\u00e1sa - Cremia Cosmetics","robots":{"index":"index","follow":"follow","max-snippet":"max-snippet:-1","max-image-preview":"max-image-preview:large","max-video-preview":"max-video-preview:-1"},"canonical":"https:\/\/staging.cremiacosmetics.com\/?page_id=23363","og_locale":"en_US","og_type":"article","og_title":"Pigmentfoltos b\u0151r \u00e1pol\u00e1sa","og_description":"Pigmentfoltos b\u0151r\u00f6d van? Pigmentfoltok, szepl\u0151k? Sokszor hormon\u00e1lis v\u00e1ltoz\u00e1s, p\u00e9ld\u00e1ul a v\u00e1rand\u00f3ss\u00e1g eredm\u00e9nyezi a pigmentfoltokat, amiket legt\u00f6bbsz\u00f6r megpr\u00f3b\u00e1lunk alapoz\u00f3val, korrektorral l\u00e1thatatlann\u00e1 tenni. A napsug\u00e1rz\u00e1s hat\u00e1sa is fokozza a pigment foltok terjed\u00e9s\u00e9t \u00e9s sz\u00edn\u00e9t is. Eg\u00e9sz \u00e9vben \u00e9rdemes f\u00e9nyv\u00e9d\u0151 k\u00e9sz\u00edtm\u00e9nyeket haszn\u00e1lni a pigmentfoltoss\u00e1gra hajlamos b\u0151r v\u00e9delm\u00e9ben. Sok esetben a hormon h\u00e1ztart\u00e1s helyre\u00e1ll\u00edt\u00e1s\u00e1val elt\u0171nhetnek a pigment foltok. Ha [&hellip;]","og_url":"https:\/\/staging.cremiacosmetics.com\/?page_id=23363","og_site_name":"Cremia Cosmetics","article_publisher":"https:\/\/www.facebook.com\/cremiacosmetics","article_modified_time":"2024-05-13T13:10:48+00:00","twitter_card":"summary_large_image","twitter_misc":{"Est. reading time":"2 minutes"},"schema":{"@context":"https:\/\/schema.org","@graph":[{"@type":"WebPage","@id":"https:\/\/staging.cremiacosmetics.com\/?page_id=23363","url":"https:\/\/staging.cremiacosmetics.com\/?page_id=23363","name":"Pigmentfoltos b\u0151r \u00e1pol\u00e1sa - Cremia Cosmetics","isPartOf":{"@id":"https:\/\/staging.cremiacosmetics.com\/#website"},"datePublished":"2020-10-15T14:10:58+00:00","dateModified":"2024-05-13T13:10:48+00:00","breadcrumb":{"@id":"https:\/\/staging.cremiacosmetics.com\/?page_id=23363#breadcrumb"},"inLanguage":"en-US","potentialAction":[{"@type":"ReadAction","target":["https:\/\/staging.cremiacosmetics.com\/?page_id=23363"]}]},{"@type":"BreadcrumbList","@id":"https:\/\/staging.cremiacosmetics.com\/?page_id=23363#breadcrumb","itemListElement":[{"@type":"ListItem","position":1,"name":"Kezd\u0151lap","item":"https:\/\/staging.cremiacosmetics.com\/"},{"@type":"ListItem","position":2,"name":"Pigmentfoltos b\u0151r \u00e1pol\u00e1sa"}]},{"@type":"WebSite","@id":"https:\/\/staging.cremiacosmetics.com\/#website","url":"https:\/\/staging.cremiacosmetics.com\/","name":"Cremia Cosmetics","description":"Nature-powered beauty","publisher":{"@id":"https:\/\/staging.cremiacosmetics.com\/#organization"},"potentialAction":[{"@type":"SearchAction","target":{"@type":"EntryPoint","urlTemplate":"https:\/\/staging.cremiacosmetics.com\/?s={search_term_string}"},"query-input":{"@type":"PropertyValueSpecification","valueRequired":true,"valueName":"search_term_string"}}],"inLanguage":"en-US"},{"@type":"Organization","@id":"https:\/\/staging.cremiacosmetics.com\/#organization","name":"Cremia Cosmetics","url":"https:\/\/staging.cremiacosmetics.com\/","logo":{"@type":"ImageObject","inLanguage":"en-US","@id":"https:\/\/staging.cremiacosmetics.com\/#\/schema\/logo\/image\/","url":"https:\/\/staging.cremiacosmetics.com\/wp-content\/uploads\/2024\/03\/Cremia-logo-15x15mm.svg","contentUrl":"https:\/\/staging.cremiacosmetics.com\/wp-content\/uploads\/2024\/03\/Cremia-logo-15x15mm.svg","width":42,"height":42,"caption":"Cremia Cosmetics"},"image":{"@id":"https:\/\/staging.cremiacosmetics.com\/#\/schema\/logo\/image\/"},"sameAs":["https:\/\/www.facebook.com\/cremiacosmetics","https:\/\/www.instagram.com\/cremiacosmetics\/"]}]}},"_links":{"self":[{"href":"https:\/\/staging.cremiacosmetics.com\/index.php?rest_route=\/wp\/v2\/pages\/23363","targetHints":{"allow":["GET"]}}],"collection":[{"href":"https:\/\/staging.cremiacosmetics.com\/index.php?rest_route=\/wp\/v2\/pages"}],"about":[{"href":"https:\/\/staging.cremiacosmetics.com\/index.php?rest_route=\/wp\/v2\/types\/page"}],"author":[{"embeddable":true,"href":"https:\/\/staging.cremiacosmetics.com\/index.php?rest_route=\/wp\/v2\/users\/16"}],"replies":[{"embeddable":true,"href":"https:\/\/staging.cremiacosmetics.com\/index.php?rest_route=%2Fwp%2Fv2%2Fcomments&post=23363"}],"version-history":[{"count":15,"href":"https:\/\/staging.cremiacosmetics.com\/index.php?rest_route=\/wp\/v2\/pages\/23363\/revisions"}],"predecessor-version":[{"id":34364,"href":"https:\/\/staging.cremiacosmetics.com\/index.php?rest_route=\/wp\/v2\/pages\/23363\/revisions\/34364"}],"wp:attachment":[{"href":"https:\/\/staging.cremiacosmetics.com\/index.php?rest_route=%2Fwp%2Fv2%2Fmedia&parent=23363"}],"curies":[{"name":"wp","href":"https:\/\/api.w.org\/{rel}","templated":true}]}}