{"id":23360,"date":"2020-10-15T14:07:13","date_gmt":"2020-10-15T14:07:13","guid":{"rendered":"https:\/\/cremiocosmetics.com\/?page_id=23360"},"modified":"2024-10-22T11:31:31","modified_gmt":"2024-10-22T09:31:31","slug":"tag-porusu-kevert-bor-apolasa","status":"publish","type":"page","link":"https:\/\/staging.cremiacosmetics.com\/?page_id=23360","title":{"rendered":"T\u00e1g p\u00f3rus\u00fa, kevert b\u0151r \u00e1pol\u00e1sa"},"content":{"rendered":"\t\t<div data-elementor-type=\"wp-page\" data-elementor-id=\"23360\" class=\"elementor elementor-23360\" data-elementor-post-type=\"page\">\n\t\t\t\t\t\t<section class=\"elementor-section elementor-top-section elementor-element elementor-element-7f4f3109 elementor-section-stretched elementor-section-full_width elementor-hidden-phone elementor-section-height-default elementor-section-height-default\" data-id=\"7f4f3109\" data-element_type=\"section\" data-settings=\"{&quot;stretch_section&quot;:&quot;section-stretched&quot;,&quot;tmea_shape_divider_top&quot;:&quot;none&quot;,&quot;tmea_shape_divider_bottom&quot;:&quot;none&quot;}\">\n\t\t\t\t\t\t<div class=\"elementor-container elementor-column-gap-default\">\n\t\t\t\t\t<div class=\"elementor-column elementor-col-100 elementor-top-column elementor-element elementor-element-761a8eec\" data-id=\"761a8eec\" data-element_type=\"column\">\n\t\t\t<div class=\"elementor-widget-wrap elementor-element-populated\">\n\t\t\t\t\n\t\t<div class=\"elementor-element elementor-element-670fd88a elementor-widget elementor-widget-heading\" data-id=\"670fd88a\" data-element_type=\"widget\" data-widget_type=\"heading.default\">\n\t\t\t\t<div class=\"elementor-widget-container\">\n\t\t\t\t\t<h2 class=\"elementor-heading-title elementor-size-default\">T\u00e1g p\u00f3rus\u00fa, T-vonalban zs\u00edros b\u0151r\u00f6d van?<\/h2>\t\t\t\t<\/div>\n\t\t\t\t<\/div>\n\t\t\t\t\t<\/div>\n\t\t<\/div>\n\t\t\t\t\t<\/div>\n\t\t<\/section>\n\t\t\t\t<section class=\"elementor-section elementor-top-section elementor-element elementor-element-386eca74 elementor-section-stretched elementor-reverse-mobile elementor-section-boxed elementor-section-height-default elementor-section-height-default\" data-id=\"386eca74\" data-element_type=\"section\" data-settings=\"{&quot;stretch_section&quot;:&quot;section-stretched&quot;,&quot;background_background&quot;:&quot;classic&quot;,&quot;tmea_shape_divider_top&quot;:&quot;none&quot;,&quot;tmea_shape_divider_bottom&quot;:&quot;none&quot;}\">\n\t\t\t\t\t\t<div class=\"elementor-container elementor-column-gap-default\">\n\t\t\t\t\t<div class=\"elementor-column elementor-col-100 elementor-top-column elementor-element elementor-element-b0fb953\" data-id=\"b0fb953\" data-element_type=\"column\">\n\t\t\t<div class=\"elementor-widget-wrap elementor-element-populated\">\n\t\t\t\t\t\t<div class=\"elementor-element elementor-element-3e15bbee elementor-widget elementor-widget-text-editor\" data-id=\"3e15bbee\" data-element_type=\"widget\" data-widget_type=\"text-editor.default\">\n\t\t\t\t<div class=\"elementor-widget-container\">\n\t\t\t\t\t\t\t\t\t<p>\u00c9rdemes \u00f6sszeh\u00faz\u00f3 hat\u00e1s\u00fa kozmetikumokat haszn\u00e1lni. A var\u00e1zsmogyor\u00f3 (hamamelis) kiv\u00e1l\u00f3 tiszt\u00edt\u00f3, friss\u00edt\u0151 hat\u00e1s\u00fa vir\u00e1gv\u00edz, p\u00f3rus\u00f6sszeh\u00faz\u00f3 tulajdons\u00e1ggal.<\/p><p>Haszn\u00e1ld mindennap a Cremia term\u00e9keket: reggel-este \u00e1pold <strong>Azulene Creammel, <\/strong>amit aj\u00e1nlunk nappalra \u00e9s \u00e9jszak\u00e1ra is. Gyullad\u00e1scs\u00f6kkent\u0151 n\u00f6v\u00e9nyi hat\u00f3anyagokkal seg\u00edt, hogy \u00e1poltnak \u00e9s magabiztosnak \u00e9rezd magad. Arc\u00e1pol\u00e1sodat eg\u00e9sz\u00edtsd ki <strong>Matt serum<\/strong>-mal, ami a hyaluron savnak k\u00f6sz\u00f6nhet\u0151en gyorsan hidrat\u00e1l, a rizskem\u00e9ny\u00edt\u0151 hat\u00e1sa pedig megg\u00e1tolja az olajos csillog\u00e1st.<\/p>\t\t\t\t\t\t\t\t<\/div>\n\t\t\t\t<\/div>\n\t\t\t\t\t<\/div>\n\t\t<\/div>\n\t\t\t\t\t<\/div>\n\t\t<\/section>\n\t\t\t\t<section class=\"elementor-section elementor-top-section elementor-element elementor-element-466c1c20 elementor-section-boxed elementor-section-height-default elementor-section-height-default\" data-id=\"466c1c20\" data-element_type=\"section\" data-settings=\"{&quot;tmea_shape_divider_top&quot;:&quot;none&quot;,&quot;tmea_shape_divider_bottom&quot;:&quot;none&quot;}\">\n\t\t\t\t\t\t<div class=\"elementor-container elementor-column-gap-default\">\n\t\t\t\t\t<div class=\"elementor-column elementor-col-100 elementor-top-column elementor-element elementor-element-1eea4dc6\" data-id=\"1eea4dc6\" data-element_type=\"column\">\n\t\t\t<div class=\"elementor-widget-wrap elementor-element-populated\">\n\t\t\t\t\t\t<div class=\"elementor-element elementor-element-1e99869c elementor-grid-4 elementor-grid-tablet-3 elementor-grid-mobile-2 elementor-products-grid elementor-wc-products elementor-widget elementor-widget-woocommerce-products\" data-id=\"1e99869c\" data-element_type=\"widget\" data-widget_type=\"woocommerce-products.default\">\n\t\t\t\t<div class=\"elementor-widget-container\">\n\t\t\t\t\t\n\t<div class=\"woocommerce-message\" role=\"alert\">\n\t\t&ldquo;Q. Noni Serum 15ml&rdquo; has been added to your cart. <a href=\"https:\/\/staging.cremiacosmetics.com\/?page_id=12600\" class=\"button wc-forward\">View cart<\/a>\t<\/div>\n\t<div class=\"woocommerce-message\" role=\"alert\">\n\t\t&ldquo;Prebio Serum 15ml&rdquo; has been added to your cart. <a href=\"https:\/\/staging.cremiacosmetics.com\/?page_id=12600\" class=\"button wc-forward\">View cart<\/a>\t<\/div>\n\t<div class=\"woocommerce-message\" role=\"alert\">\n\t\t&ldquo;Hyaluron serum 30 ml&rdquo; has been added to your cart. <a href=\"https:\/\/staging.cremiacosmetics.com\/?page_id=12600\" class=\"button wc-forward\">View cart<\/a>\t<\/div>\n<div class=\"woocommerce columns-4 \"><ul class=\"products elementor-grid columns-4\">\n<li class=\"product type-product post-16768 status-publish first instock product_cat-pattanasos-bor product_cat-arcapolas product_cat-ejszakai-arckremek product_cat-hidratalas product_cat-lakossagi-termekek product_cat-nappali-arckremek product_cat-osszes product_tag-ajandek-en product_tag-ajandekotlet-en product_tag-arcapolas product_tag-arckrem product_tag-azulene product_tag-bisabolol product_tag-calm product_tag-hidratala product_tag-matt product_tag-pattanasos-bor-en has-post-thumbnail taxable shipping-taxable purchasable product-type-simple\">\n\t<a href=\"https:\/\/staging.cremiacosmetics.com\/?product=azulene-cream-50ml-bornyugtato-arckrem-azulennel\" class=\"woocommerce-LoopProduct-link woocommerce-loop-product__link\"><img fetchpriority=\"high\" decoding=\"async\" width=\"800\" height=\"800\" src=\"https:\/\/staging.cremiacosmetics.com\/wp-content\/uploads\/2024\/03\/Cremia_Azulene-cream_800.jpg\" class=\"attachment-woocommerce_thumbnail size-woocommerce_thumbnail\" alt=\"Azulene Cream b\u0151rnyugtat\u00f3 arckr\u00e9m 50 ml\" srcset=\"https:\/\/staging.cremiacosmetics.com\/wp-content\/uploads\/2024\/03\/Cremia_Azulene-cream_800.jpg 800w, https:\/\/staging.cremiacosmetics.com\/wp-content\/uploads\/2024\/03\/Cremia_Azulene-cream_800-100x100.jpg 100w, https:\/\/staging.cremiacosmetics.com\/wp-content\/uploads\/2024\/03\/Cremia_Azulene-cream_800-300x300.jpg 300w, https:\/\/staging.cremiacosmetics.com\/wp-content\/uploads\/2024\/03\/Cremia_Azulene-cream_800-150x150.jpg 150w, https:\/\/staging.cremiacosmetics.com\/wp-content\/uploads\/2024\/03\/Cremia_Azulene-cream_800-768x768.jpg 768w, https:\/\/staging.cremiacosmetics.com\/wp-content\/uploads\/2024\/03\/Cremia_Azulene-cream_800-600x600.jpg 600w\" sizes=\"(max-width: 800px) 100vw, 800px\" \/><h2 class=\"woocommerce-loop-product__title\">Azulene Cream b\u0151rnyugtat\u00f3 arckr\u00e9m 50 ml<\/h2>\n\t<span class=\"price\"><span class=\"woocommerce-Price-amount amount\"><bdi>18 990&nbsp;<span class=\"woocommerce-Price-currencySymbol\">&#70;&#116;<\/span><\/bdi><\/span><\/span>\n<\/a><a href=\"?add-to-cart=16768\" aria-describedby=\"woocommerce_loop_add_to_cart_link_describedby_16768\" data-quantity=\"1\" class=\"button product_type_simple add_to_cart_button ajax_add_to_cart\" data-product_id=\"16768\" data-product_sku=\"C-AC-HU-50\" aria-label=\"Add to cart: &ldquo;Azulene Cream b\u0151rnyugtat\u00f3 arckr\u00e9m 50 ml&rdquo;\" rel=\"nofollow\" data-success_message=\"&ldquo;Azulene Cream b\u0151rnyugtat\u00f3 arckr\u00e9m 50 ml&rdquo; has been added to your cart\">Add to cart<\/a>\t<span id=\"woocommerce_loop_add_to_cart_link_describedby_16768\" class=\"screen-reader-text\">\n\t\t\t<\/span>\n<\/li>\n<li class=\"product type-product post-28701 status-publish instock product_cat-pattanasos-bor product_cat-arcapolas product_cat-olajmentes_szerumok product_cat-lakossagi-termekek product_cat-osszes has-post-thumbnail taxable shipping-taxable purchasable product-type-simple\">\n\t<a href=\"https:\/\/staging.cremiacosmetics.com\/?product=matt-serum-30-ml\" class=\"woocommerce-LoopProduct-link woocommerce-loop-product__link\"><img decoding=\"async\" width=\"800\" height=\"800\" src=\"https:\/\/staging.cremiacosmetics.com\/wp-content\/uploads\/2024\/03\/Cremia_Matt-serum_800.jpg\" class=\"attachment-woocommerce_thumbnail size-woocommerce_thumbnail\" alt=\"Cremia Matt Serum\" srcset=\"https:\/\/staging.cremiacosmetics.com\/wp-content\/uploads\/2024\/03\/Cremia_Matt-serum_800.jpg 800w, https:\/\/staging.cremiacosmetics.com\/wp-content\/uploads\/2024\/03\/Cremia_Matt-serum_800-100x100.jpg 100w, https:\/\/staging.cremiacosmetics.com\/wp-content\/uploads\/2024\/03\/Cremia_Matt-serum_800-300x300.jpg 300w, https:\/\/staging.cremiacosmetics.com\/wp-content\/uploads\/2024\/03\/Cremia_Matt-serum_800-150x150.jpg 150w, https:\/\/staging.cremiacosmetics.com\/wp-content\/uploads\/2024\/03\/Cremia_Matt-serum_800-768x768.jpg 768w, https:\/\/staging.cremiacosmetics.com\/wp-content\/uploads\/2024\/03\/Cremia_Matt-serum_800-600x600.jpg 600w\" sizes=\"(max-width: 800px) 100vw, 800px\" \/><h2 class=\"woocommerce-loop-product__title\">Matt serum 30 ml<\/h2>\n\t<span class=\"price\"><span class=\"woocommerce-Price-amount amount\"><bdi>15 990&nbsp;<span class=\"woocommerce-Price-currencySymbol\">&#70;&#116;<\/span><\/bdi><\/span><\/span>\n<\/a><a href=\"?add-to-cart=28701\" aria-describedby=\"woocommerce_loop_add_to_cart_link_describedby_28701\" data-quantity=\"1\" class=\"button product_type_simple add_to_cart_button ajax_add_to_cart\" data-product_id=\"28701\" data-product_sku=\"C-MS-HU-30\" aria-label=\"Add to cart: &ldquo;Matt serum 30 ml&rdquo;\" rel=\"nofollow\" data-success_message=\"&ldquo;Matt serum 30 ml&rdquo; has been added to your cart\">Add to cart<\/a>\t<span id=\"woocommerce_loop_add_to_cart_link_describedby_28701\" class=\"screen-reader-text\">\n\t\t\t<\/span>\n<\/li>\n<\/ul>\n<\/div>\t\t\t\t<\/div>\n\t\t\t\t<\/div>\n\t\t\t\t\t<\/div>\n\t\t<\/div>\n\t\t\t\t\t<\/div>\n\t\t<\/section>\n\t\t\t\t<\/div>\n\t\t","protected":false},"excerpt":{"rendered":"<p>T\u00e1g p\u00f3rus\u00fa, T-vonalban zs\u00edros b\u0151r\u00f6d van? \u00c9rdemes \u00f6sszeh\u00faz\u00f3 hat\u00e1s\u00fa kozmetikumokat haszn\u00e1lni. A var\u00e1zsmogyor\u00f3 (hamamelis) kiv\u00e1l\u00f3 tiszt\u00edt\u00f3, friss\u00edt\u0151 hat\u00e1s\u00fa vir\u00e1gv\u00edz, p\u00f3rus\u00f6sszeh\u00faz\u00f3 tulajdons\u00e1ggal. Haszn\u00e1ld mindennap a Cremia term\u00e9keket: reggel-este \u00e1pold Azulene Creammel, amit aj\u00e1nlunk nappalra \u00e9s \u00e9jszak\u00e1ra is. Gyullad\u00e1scs\u00f6kkent\u0151 n\u00f6v\u00e9nyi hat\u00f3anyagokkal seg\u00edt, hogy \u00e1poltnak \u00e9s magabiztosnak \u00e9rezd magad. Arc\u00e1pol\u00e1sodat eg\u00e9sz\u00edtsd ki Matt serum-mal, ami a hyaluron savnak [&hellip;]<\/p>\n","protected":false},"author":16,"featured_media":0,"parent":0,"menu_order":0,"comment_status":"closed","ping_status":"closed","template":"elementor_header_footer","meta":{"footnotes":""},"class_list":["post-23360","page","type-page","status-publish","hentry"],"yoast_head":"<!-- This site is optimized with the Yoast SEO Premium plugin v24.9 (Yoast SEO v24.9) - https:\/\/yoast.com\/wordpress\/plugins\/seo\/ -->\n<title>T\u00e1g p\u00f3rus\u00fa, kevert b\u0151r \u00e1pol\u00e1sa - Cremia Cosmetics<\/title>\n<meta name=\"robots\" content=\"index, follow, max-snippet:-1, max-image-preview:large, max-video-preview:-1\" \/>\n<link rel=\"canonical\" href=\"https:\/\/staging.cremiacosmetics.com\/?page_id=23360\" \/>\n<meta property=\"og:locale\" content=\"en_US\" \/>\n<meta property=\"og:type\" content=\"article\" \/>\n<meta property=\"og:title\" content=\"T\u00e1g p\u00f3rus\u00fa, kevert b\u0151r \u00e1pol\u00e1sa\" \/>\n<meta property=\"og:description\" content=\"T\u00e1g p\u00f3rus\u00fa, T-vonalban zs\u00edros b\u0151r\u00f6d van? \u00c9rdemes \u00f6sszeh\u00faz\u00f3 hat\u00e1s\u00fa kozmetikumokat haszn\u00e1lni. A var\u00e1zsmogyor\u00f3 (hamamelis) kiv\u00e1l\u00f3 tiszt\u00edt\u00f3, friss\u00edt\u0151 hat\u00e1s\u00fa vir\u00e1gv\u00edz, p\u00f3rus\u00f6sszeh\u00faz\u00f3 tulajdons\u00e1ggal. Haszn\u00e1ld mindennap a Cremia term\u00e9keket: reggel-este \u00e1pold Azulene Creammel, amit aj\u00e1nlunk nappalra \u00e9s \u00e9jszak\u00e1ra is. Gyullad\u00e1scs\u00f6kkent\u0151 n\u00f6v\u00e9nyi hat\u00f3anyagokkal seg\u00edt, hogy \u00e1poltnak \u00e9s magabiztosnak \u00e9rezd magad. Arc\u00e1pol\u00e1sodat eg\u00e9sz\u00edtsd ki Matt serum-mal, ami a hyaluron savnak [&hellip;]\" \/>\n<meta property=\"og:url\" content=\"https:\/\/staging.cremiacosmetics.com\/?page_id=23360\" \/>\n<meta property=\"og:site_name\" content=\"Cremia Cosmetics\" \/>\n<meta property=\"article:publisher\" content=\"https:\/\/www.facebook.com\/cremiacosmetics\" \/>\n<meta property=\"article:modified_time\" content=\"2024-10-22T09:31:31+00:00\" \/>\n<meta name=\"twitter:card\" content=\"summary_large_image\" \/>\n<meta name=\"twitter:label1\" content=\"Est. reading time\" \/>\n\t<meta name=\"twitter:data1\" content=\"1 minute\" \/>\n<script type=\"application\/ld+json\" class=\"yoast-schema-graph\">{\"@context\":\"https:\/\/schema.org\",\"@graph\":[{\"@type\":\"WebPage\",\"@id\":\"https:\/\/staging.cremiacosmetics.com\/?page_id=23360\",\"url\":\"https:\/\/staging.cremiacosmetics.com\/?page_id=23360\",\"name\":\"T\u00e1g p\u00f3rus\u00fa, kevert b\u0151r \u00e1pol\u00e1sa - Cremia Cosmetics\",\"isPartOf\":{\"@id\":\"https:\/\/staging.cremiacosmetics.com\/#website\"},\"datePublished\":\"2020-10-15T14:07:13+00:00\",\"dateModified\":\"2024-10-22T09:31:31+00:00\",\"breadcrumb\":{\"@id\":\"https:\/\/staging.cremiacosmetics.com\/?page_id=23360#breadcrumb\"},\"inLanguage\":\"en-US\",\"potentialAction\":[{\"@type\":\"ReadAction\",\"target\":[\"https:\/\/staging.cremiacosmetics.com\/?page_id=23360\"]}]},{\"@type\":\"BreadcrumbList\",\"@id\":\"https:\/\/staging.cremiacosmetics.com\/?page_id=23360#breadcrumb\",\"itemListElement\":[{\"@type\":\"ListItem\",\"position\":1,\"name\":\"Kezd\u0151lap\",\"item\":\"https:\/\/staging.cremiacosmetics.com\/\"},{\"@type\":\"ListItem\",\"position\":2,\"name\":\"T\u00e1g p\u00f3rus\u00fa, kevert b\u0151r \u00e1pol\u00e1sa\"}]},{\"@type\":\"WebSite\",\"@id\":\"https:\/\/staging.cremiacosmetics.com\/#website\",\"url\":\"https:\/\/staging.cremiacosmetics.com\/\",\"name\":\"Cremia Cosmetics\",\"description\":\"Nature-powered beauty\",\"publisher\":{\"@id\":\"https:\/\/staging.cremiacosmetics.com\/#organization\"},\"potentialAction\":[{\"@type\":\"SearchAction\",\"target\":{\"@type\":\"EntryPoint\",\"urlTemplate\":\"https:\/\/staging.cremiacosmetics.com\/?s={search_term_string}\"},\"query-input\":{\"@type\":\"PropertyValueSpecification\",\"valueRequired\":true,\"valueName\":\"search_term_string\"}}],\"inLanguage\":\"en-US\"},{\"@type\":\"Organization\",\"@id\":\"https:\/\/staging.cremiacosmetics.com\/#organization\",\"name\":\"Cremia Cosmetics\",\"url\":\"https:\/\/staging.cremiacosmetics.com\/\",\"logo\":{\"@type\":\"ImageObject\",\"inLanguage\":\"en-US\",\"@id\":\"https:\/\/staging.cremiacosmetics.com\/#\/schema\/logo\/image\/\",\"url\":\"https:\/\/staging.cremiacosmetics.com\/wp-content\/uploads\/2024\/03\/Cremia-logo-15x15mm.svg\",\"contentUrl\":\"https:\/\/staging.cremiacosmetics.com\/wp-content\/uploads\/2024\/03\/Cremia-logo-15x15mm.svg\",\"width\":42,\"height\":42,\"caption\":\"Cremia Cosmetics\"},\"image\":{\"@id\":\"https:\/\/staging.cremiacosmetics.com\/#\/schema\/logo\/image\/\"},\"sameAs\":[\"https:\/\/www.facebook.com\/cremiacosmetics\",\"https:\/\/www.instagram.com\/cremiacosmetics\/\"]}]}<\/script>\n<!-- \/ Yoast SEO Premium plugin. -->","yoast_head_json":{"title":"T\u00e1g p\u00f3rus\u00fa, kevert b\u0151r \u00e1pol\u00e1sa - Cremia Cosmetics","robots":{"index":"index","follow":"follow","max-snippet":"max-snippet:-1","max-image-preview":"max-image-preview:large","max-video-preview":"max-video-preview:-1"},"canonical":"https:\/\/staging.cremiacosmetics.com\/?page_id=23360","og_locale":"en_US","og_type":"article","og_title":"T\u00e1g p\u00f3rus\u00fa, kevert b\u0151r \u00e1pol\u00e1sa","og_description":"T\u00e1g p\u00f3rus\u00fa, T-vonalban zs\u00edros b\u0151r\u00f6d van? \u00c9rdemes \u00f6sszeh\u00faz\u00f3 hat\u00e1s\u00fa kozmetikumokat haszn\u00e1lni. A var\u00e1zsmogyor\u00f3 (hamamelis) kiv\u00e1l\u00f3 tiszt\u00edt\u00f3, friss\u00edt\u0151 hat\u00e1s\u00fa vir\u00e1gv\u00edz, p\u00f3rus\u00f6sszeh\u00faz\u00f3 tulajdons\u00e1ggal. Haszn\u00e1ld mindennap a Cremia term\u00e9keket: reggel-este \u00e1pold Azulene Creammel, amit aj\u00e1nlunk nappalra \u00e9s \u00e9jszak\u00e1ra is. Gyullad\u00e1scs\u00f6kkent\u0151 n\u00f6v\u00e9nyi hat\u00f3anyagokkal seg\u00edt, hogy \u00e1poltnak \u00e9s magabiztosnak \u00e9rezd magad. Arc\u00e1pol\u00e1sodat eg\u00e9sz\u00edtsd ki Matt serum-mal, ami a hyaluron savnak [&hellip;]","og_url":"https:\/\/staging.cremiacosmetics.com\/?page_id=23360","og_site_name":"Cremia Cosmetics","article_publisher":"https:\/\/www.facebook.com\/cremiacosmetics","article_modified_time":"2024-10-22T09:31:31+00:00","twitter_card":"summary_large_image","twitter_misc":{"Est. reading time":"1 minute"},"schema":{"@context":"https:\/\/schema.org","@graph":[{"@type":"WebPage","@id":"https:\/\/staging.cremiacosmetics.com\/?page_id=23360","url":"https:\/\/staging.cremiacosmetics.com\/?page_id=23360","name":"T\u00e1g p\u00f3rus\u00fa, kevert b\u0151r \u00e1pol\u00e1sa - Cremia Cosmetics","isPartOf":{"@id":"https:\/\/staging.cremiacosmetics.com\/#website"},"datePublished":"2020-10-15T14:07:13+00:00","dateModified":"2024-10-22T09:31:31+00:00","breadcrumb":{"@id":"https:\/\/staging.cremiacosmetics.com\/?page_id=23360#breadcrumb"},"inLanguage":"en-US","potentialAction":[{"@type":"ReadAction","target":["https:\/\/staging.cremiacosmetics.com\/?page_id=23360"]}]},{"@type":"BreadcrumbList","@id":"https:\/\/staging.cremiacosmetics.com\/?page_id=23360#breadcrumb","itemListElement":[{"@type":"ListItem","position":1,"name":"Kezd\u0151lap","item":"https:\/\/staging.cremiacosmetics.com\/"},{"@type":"ListItem","position":2,"name":"T\u00e1g p\u00f3rus\u00fa, kevert b\u0151r \u00e1pol\u00e1sa"}]},{"@type":"WebSite","@id":"https:\/\/staging.cremiacosmetics.com\/#website","url":"https:\/\/staging.cremiacosmetics.com\/","name":"Cremia Cosmetics","description":"Nature-powered beauty","publisher":{"@id":"https:\/\/staging.cremiacosmetics.com\/#organization"},"potentialAction":[{"@type":"SearchAction","target":{"@type":"EntryPoint","urlTemplate":"https:\/\/staging.cremiacosmetics.com\/?s={search_term_string}"},"query-input":{"@type":"PropertyValueSpecification","valueRequired":true,"valueName":"search_term_string"}}],"inLanguage":"en-US"},{"@type":"Organization","@id":"https:\/\/staging.cremiacosmetics.com\/#organization","name":"Cremia Cosmetics","url":"https:\/\/staging.cremiacosmetics.com\/","logo":{"@type":"ImageObject","inLanguage":"en-US","@id":"https:\/\/staging.cremiacosmetics.com\/#\/schema\/logo\/image\/","url":"https:\/\/staging.cremiacosmetics.com\/wp-content\/uploads\/2024\/03\/Cremia-logo-15x15mm.svg","contentUrl":"https:\/\/staging.cremiacosmetics.com\/wp-content\/uploads\/2024\/03\/Cremia-logo-15x15mm.svg","width":42,"height":42,"caption":"Cremia Cosmetics"},"image":{"@id":"https:\/\/staging.cremiacosmetics.com\/#\/schema\/logo\/image\/"},"sameAs":["https:\/\/www.facebook.com\/cremiacosmetics","https:\/\/www.instagram.com\/cremiacosmetics\/"]}]}},"_links":{"self":[{"href":"https:\/\/staging.cremiacosmetics.com\/index.php?rest_route=\/wp\/v2\/pages\/23360","targetHints":{"allow":["GET"]}}],"collection":[{"href":"https:\/\/staging.cremiacosmetics.com\/index.php?rest_route=\/wp\/v2\/pages"}],"about":[{"href":"https:\/\/staging.cremiacosmetics.com\/index.php?rest_route=\/wp\/v2\/types\/page"}],"author":[{"embeddable":true,"href":"https:\/\/staging.cremiacosmetics.com\/index.php?rest_route=\/wp\/v2\/users\/16"}],"replies":[{"embeddable":true,"href":"https:\/\/staging.cremiacosmetics.com\/index.php?rest_route=%2Fwp%2Fv2%2Fcomments&post=23360"}],"version-history":[{"count":9,"href":"https:\/\/staging.cremiacosmetics.com\/index.php?rest_route=\/wp\/v2\/pages\/23360\/revisions"}],"predecessor-version":[{"id":35615,"href":"https:\/\/staging.cremiacosmetics.com\/index.php?rest_route=\/wp\/v2\/pages\/23360\/revisions\/35615"}],"wp:attachment":[{"href":"https:\/\/staging.cremiacosmetics.com\/index.php?rest_route=%2Fwp%2Fv2%2Fmedia&parent=23360"}],"curies":[{"name":"wp","href":"https:\/\/api.w.org\/{rel}","templated":true}]}}