{"id":13159,"date":"2019-07-17T21:19:49","date_gmt":"2019-07-17T21:19:49","guid":{"rendered":"https:\/\/cremiocosmetics.com\/login\/"},"modified":"2024-03-12T00:43:21","modified_gmt":"2024-03-11T23:43:21","slug":"belepes","status":"publish","type":"page","link":"https:\/\/staging.cremiacosmetics.com\/?page_id=13159","title":{"rendered":"Login"},"content":{"rendered":"\t\t<div data-elementor-type=\"wp-page\" data-elementor-id=\"13159\" class=\"elementor elementor-13159\" data-elementor-post-type=\"page\">\n\t\t\t\t<div class=\"elementor-element elementor-element-e345a9d e-flex e-con-boxed e-con e-parent\" data-id=\"e345a9d\" data-element_type=\"container\" data-settings=\"{&quot;tmea_shape_divider_top&quot;:&quot;none&quot;,&quot;tmea_shape_divider_bottom&quot;:&quot;none&quot;}\">\n\t\t\t\t\t<div class=\"e-con-inner\">\n\t\t\n\t\t<div class=\"elementor-element elementor-element-776aad5 elementor-widget elementor-widget-heading\" data-id=\"776aad5\" data-element_type=\"widget\" data-widget_type=\"heading.default\">\n\t\t\t\t<div class=\"elementor-widget-container\">\n\t\t\t\t\t<h2 class=\"elementor-heading-title elementor-size-default\">Bel\u00e9p\u00e9s<\/h2>\t\t\t\t<\/div>\n\t\t\t\t<\/div>\n\t\t\t\t<div class=\"elementor-element elementor-element-db7e99d elementor-widget elementor-widget-shortcode\" data-id=\"db7e99d\" data-element_type=\"widget\" data-widget_type=\"shortcode.default\">\n\t\t\t\t<div class=\"elementor-widget-container\">\n\t\t\t\t\t\t\t<div class=\"elementor-shortcode\">\n<div class=\"um um-login um-13155\">\n\t<div class=\"um-form\">\n\t\t<form method=\"post\" action=\"\" autocomplete=\"off\">\n\t\t\t<div class=\"um-row _um_row_1  um-customized-row\" style=\"padding: 0px 0px 0px 0px;background-color: #ffffff;margin: 0px 0px 30px 0px;border-width: 0px 0px 0px 0px;border-style: solid;border-color: #919191;border-radius: 0px;color: #000000 !important;\"><div class=\"um-col-1\"><div  id=\"um_field_13155_username\" class=\"um-field um-field-text  um-field-username um-field-text um-field-type_text\" data-key=\"username\"><div class=\"um-field-label\"><label for=\"username-13155\">Felhaszn\u00e1l\u00f3n\u00e9v vagy e-mai c\u00edm<\/label><div class=\"um-clear\"><\/div><\/div><div class=\"um-field-area\"><input  autocomplete=\"off\" class=\"um-form-field valid \" type=\"text\" name=\"username-13155\" id=\"username-13155\" value=\"\" placeholder=\"\" data-validate=\"unique_username_or_email\" data-key=\"username\"  aria-invalid=\"false\" \/>\n\n\t\t\t\t\t\t<\/div><\/div><div  id=\"um_field_13155_user_password\" class=\"um-field um-field-password  um-field-user_password um-field-password um-field-type_password\" data-key=\"user_password\"><div class=\"um-field-label\"><label for=\"user_password-13155\">Jelsz\u00f3<\/label><div class=\"um-clear\"><\/div><\/div><div class=\"um-field-area\"><input class=\"um-form-field valid \" type=\"password\" name=\"user_password-13155\" id=\"user_password-13155\" value=\"\" placeholder=\"\" data-validate=\"\" data-key=\"user_password\"  aria-invalid=\"false\" \/>\n\n\t\t\t\t\t\t\t<\/div><\/div><\/div><\/div>\t<input type=\"hidden\" name=\"form_id\" id=\"form_id_13155\" value=\"13155\" \/>\n\t\t<p class=\"um_request_name\">\n\t\t<label for=\"um_request_13155\">Only fill in if you are not human<\/label>\n\t\t<input type=\"hidden\" name=\"um_request\" id=\"um_request_13155\" class=\"input\" value=\"\" size=\"25\" autocomplete=\"off\" \/>\n\t<\/p>\n\t<input type=\"hidden\" name=\"redirect_to\" id=\"redirect_to\" value=\"https:\/\/staging.cremiacosmetics.com\/index.php?rest_route=%2Fwp%2Fv2%2Fpages%2F13159\" \/><input type=\"hidden\" id=\"_wpnonce\" name=\"_wpnonce\" value=\"f4d248e15f\" \/><input type=\"hidden\" name=\"_wp_http_referer\" value=\"\/index.php?rest_route=%2Fwp%2Fv2%2Fpages%2F13159\" \/>\n<div class=\"g-recaptcha\" id=\"um-13155\" data-mode=\"login\"><\/div>\n\n\n\t<div class=\"um-col-alt\">\n\n\t\t\n\n\t\t\t<div class=\"um-field um-field-c\">\n\t\t\t\t<div class=\"um-field-area\">\n\t\t\t\t\t<label class=\"um-field-checkbox\">\n\t\t\t\t\t\t<input type=\"checkbox\" name=\"rememberme\" value=\"1\"  \/>\n\t\t\t\t\t\t<span class=\"um-field-checkbox-state\"><i class=\"um-icon-android-checkbox-outline-blank\"><\/i><\/span>\n\t\t\t\t\t\t<span class=\"um-field-checkbox-option\"> Keep me signed in<\/span>\n\t\t\t\t\t<\/label>\n\t\t\t\t<\/div>\n\t\t\t<\/div>\n\n\t\t\t\t\t\t<div class=\"um-clear\"><\/div>\n\t\t\n\t\t\t<div class=\"um-left um-half\">\n\t\t\t\t<input type=\"submit\" value=\"Bel\u00e9p\u00e9s\" class=\"um-button\" id=\"um-submit-btn\" \/>\n\t\t\t<\/div>\n\t\t\t<div class=\"um-right um-half\">\n\t\t\t\t<a href=\"https:\/\/staging.cremiacosmetics.com\/?page_id=13160\" class=\"um-button um-alt\">\n\t\t\t\t\tRegisztr\u00e1ci\u00f3\t\t\t\t<\/a>\n\t\t\t<\/div>\n\n\t\t\n\t\t<div class=\"um-clear\"><\/div>\n\n\t<\/div>\n\n\t\n\t<div class=\"um-col-alt-b\">\n\t\t<a href=\"https:\/\/staging.cremiacosmetics.com\/?page_id=13164\" class=\"um-link-alt\">\n\t\t\tForgot your password?\t\t<\/a>\n\t<\/div>\n\n\t\t\t<\/form>\n\t<\/div>\n<\/div>\n<style>\n\t\t\t.um-13155.um {\n\t\t\tmax-width: 600px;\n\t\t}\n\t\t<\/style>\n<\/div>\n\t\t\t\t\t\t<\/div>\n\t\t\t\t<\/div>\n\t\t\t\t<div class=\"elementor-element elementor-element-7e972c6 elementor-align-center elementor-widget elementor-widget-button\" data-id=\"7e972c6\" data-element_type=\"widget\" data-widget_type=\"button.default\">\n\t\t\t\t<div class=\"elementor-widget-container\">\n\t\t\t\t\t\t\t\t\t<div class=\"elementor-button-wrapper\">\n\t\t\t\t\t<a class=\"elementor-button elementor-button-link elementor-size-sm\" href=\"https:\/\/staging.cremiacosmetics.com\/professional\/\">\n\t\t\t\t\t\t<span class=\"elementor-button-content-wrapper\">\n\t\t\t\t\t\t\t\t\t<span class=\"elementor-button-text\">Kozmetikus vagy? Kattints ide!<\/span>\n\t\t\t\t\t<\/span>\n\t\t\t\t\t<\/a>\n\t\t\t\t<\/div>\n\t\t\t\t\t\t\t\t<\/div>\n\t\t\t\t<\/div>\n\t\t\t\t\t<\/div>\n\t\t\t\t<\/div>\n\t\t\t\t<\/div>\n\t\t","protected":false},"excerpt":{"rendered":"<p>Bel\u00e9p\u00e9s Kozmetikus vagy? Kattints ide!<\/p>\n","protected":false},"author":3,"featured_media":0,"parent":0,"menu_order":0,"comment_status":"closed","ping_status":"closed","template":"","meta":{"footnotes":""},"class_list":["post-13159","page","type-page","status-publish","hentry"],"yoast_head":"<!-- This site is optimized with the Yoast SEO Premium plugin v24.9 (Yoast SEO v24.9) - https:\/\/yoast.com\/wordpress\/plugins\/seo\/ -->\n<title>Login - Cremia Cosmetics<\/title>\n<meta name=\"robots\" content=\"index, follow, max-snippet:-1, max-image-preview:large, max-video-preview:-1\" \/>\n<link rel=\"canonical\" href=\"https:\/\/staging.cremiacosmetics.com\/?page_id=13159\" \/>\n<meta property=\"og:locale\" content=\"en_US\" \/>\n<meta property=\"og:type\" content=\"article\" \/>\n<meta property=\"og:title\" content=\"Login\" \/>\n<meta property=\"og:description\" content=\"Bel\u00e9p\u00e9s Kozmetikus vagy? Kattints ide!\" \/>\n<meta property=\"og:url\" content=\"https:\/\/staging.cremiacosmetics.com\/?page_id=13159\" \/>\n<meta property=\"og:site_name\" content=\"Cremia Cosmetics\" \/>\n<meta property=\"article:publisher\" content=\"https:\/\/www.facebook.com\/cremiacosmetics\" \/>\n<meta property=\"article:modified_time\" content=\"2024-03-11T23:43:21+00:00\" \/>\n<meta name=\"twitter:card\" content=\"summary_large_image\" \/>\n<meta name=\"twitter:label1\" content=\"Est. reading time\" \/>\n\t<meta name=\"twitter:data1\" content=\"1 minute\" \/>\n<script type=\"application\/ld+json\" class=\"yoast-schema-graph\">{\"@context\":\"https:\/\/schema.org\",\"@graph\":[{\"@type\":\"WebPage\",\"@id\":\"https:\/\/staging.cremiacosmetics.com\/?page_id=13159\",\"url\":\"https:\/\/staging.cremiacosmetics.com\/?page_id=13159\",\"name\":\"Login - Cremia Cosmetics\",\"isPartOf\":{\"@id\":\"https:\/\/staging.cremiacosmetics.com\/#website\"},\"datePublished\":\"2019-07-17T21:19:49+00:00\",\"dateModified\":\"2024-03-11T23:43:21+00:00\",\"breadcrumb\":{\"@id\":\"https:\/\/staging.cremiacosmetics.com\/?page_id=13159#breadcrumb\"},\"inLanguage\":\"en-US\",\"potentialAction\":[{\"@type\":\"ReadAction\",\"target\":[\"https:\/\/staging.cremiacosmetics.com\/?page_id=13159\"]}]},{\"@type\":\"BreadcrumbList\",\"@id\":\"https:\/\/staging.cremiacosmetics.com\/?page_id=13159#breadcrumb\",\"itemListElement\":[{\"@type\":\"ListItem\",\"position\":1,\"name\":\"Kezd\u0151lap\",\"item\":\"https:\/\/staging.cremiacosmetics.com\/\"},{\"@type\":\"ListItem\",\"position\":2,\"name\":\"Login\"}]},{\"@type\":\"WebSite\",\"@id\":\"https:\/\/staging.cremiacosmetics.com\/#website\",\"url\":\"https:\/\/staging.cremiacosmetics.com\/\",\"name\":\"Cremia Cosmetics\",\"description\":\"Nature-powered beauty\",\"publisher\":{\"@id\":\"https:\/\/staging.cremiacosmetics.com\/#organization\"},\"potentialAction\":[{\"@type\":\"SearchAction\",\"target\":{\"@type\":\"EntryPoint\",\"urlTemplate\":\"https:\/\/staging.cremiacosmetics.com\/?s={search_term_string}\"},\"query-input\":{\"@type\":\"PropertyValueSpecification\",\"valueRequired\":true,\"valueName\":\"search_term_string\"}}],\"inLanguage\":\"en-US\"},{\"@type\":\"Organization\",\"@id\":\"https:\/\/staging.cremiacosmetics.com\/#organization\",\"name\":\"Cremia Cosmetics\",\"url\":\"https:\/\/staging.cremiacosmetics.com\/\",\"logo\":{\"@type\":\"ImageObject\",\"inLanguage\":\"en-US\",\"@id\":\"https:\/\/staging.cremiacosmetics.com\/#\/schema\/logo\/image\/\",\"url\":\"https:\/\/staging.cremiacosmetics.com\/wp-content\/uploads\/2024\/03\/Cremia-logo-15x15mm.svg\",\"contentUrl\":\"https:\/\/staging.cremiacosmetics.com\/wp-content\/uploads\/2024\/03\/Cremia-logo-15x15mm.svg\",\"width\":42,\"height\":42,\"caption\":\"Cremia Cosmetics\"},\"image\":{\"@id\":\"https:\/\/staging.cremiacosmetics.com\/#\/schema\/logo\/image\/\"},\"sameAs\":[\"https:\/\/www.facebook.com\/cremiacosmetics\",\"https:\/\/www.instagram.com\/cremiacosmetics\/\"]}]}<\/script>\n<!-- \/ Yoast SEO Premium plugin. -->","yoast_head_json":{"title":"Login - Cremia Cosmetics","robots":{"index":"index","follow":"follow","max-snippet":"max-snippet:-1","max-image-preview":"max-image-preview:large","max-video-preview":"max-video-preview:-1"},"canonical":"https:\/\/staging.cremiacosmetics.com\/?page_id=13159","og_locale":"en_US","og_type":"article","og_title":"Login","og_description":"Bel\u00e9p\u00e9s Kozmetikus vagy? Kattints ide!","og_url":"https:\/\/staging.cremiacosmetics.com\/?page_id=13159","og_site_name":"Cremia Cosmetics","article_publisher":"https:\/\/www.facebook.com\/cremiacosmetics","article_modified_time":"2024-03-11T23:43:21+00:00","twitter_card":"summary_large_image","twitter_misc":{"Est. reading time":"1 minute"},"schema":{"@context":"https:\/\/schema.org","@graph":[{"@type":"WebPage","@id":"https:\/\/staging.cremiacosmetics.com\/?page_id=13159","url":"https:\/\/staging.cremiacosmetics.com\/?page_id=13159","name":"Login - Cremia Cosmetics","isPartOf":{"@id":"https:\/\/staging.cremiacosmetics.com\/#website"},"datePublished":"2019-07-17T21:19:49+00:00","dateModified":"2024-03-11T23:43:21+00:00","breadcrumb":{"@id":"https:\/\/staging.cremiacosmetics.com\/?page_id=13159#breadcrumb"},"inLanguage":"en-US","potentialAction":[{"@type":"ReadAction","target":["https:\/\/staging.cremiacosmetics.com\/?page_id=13159"]}]},{"@type":"BreadcrumbList","@id":"https:\/\/staging.cremiacosmetics.com\/?page_id=13159#breadcrumb","itemListElement":[{"@type":"ListItem","position":1,"name":"Kezd\u0151lap","item":"https:\/\/staging.cremiacosmetics.com\/"},{"@type":"ListItem","position":2,"name":"Login"}]},{"@type":"WebSite","@id":"https:\/\/staging.cremiacosmetics.com\/#website","url":"https:\/\/staging.cremiacosmetics.com\/","name":"Cremia Cosmetics","description":"Nature-powered beauty","publisher":{"@id":"https:\/\/staging.cremiacosmetics.com\/#organization"},"potentialAction":[{"@type":"SearchAction","target":{"@type":"EntryPoint","urlTemplate":"https:\/\/staging.cremiacosmetics.com\/?s={search_term_string}"},"query-input":{"@type":"PropertyValueSpecification","valueRequired":true,"valueName":"search_term_string"}}],"inLanguage":"en-US"},{"@type":"Organization","@id":"https:\/\/staging.cremiacosmetics.com\/#organization","name":"Cremia Cosmetics","url":"https:\/\/staging.cremiacosmetics.com\/","logo":{"@type":"ImageObject","inLanguage":"en-US","@id":"https:\/\/staging.cremiacosmetics.com\/#\/schema\/logo\/image\/","url":"https:\/\/staging.cremiacosmetics.com\/wp-content\/uploads\/2024\/03\/Cremia-logo-15x15mm.svg","contentUrl":"https:\/\/staging.cremiacosmetics.com\/wp-content\/uploads\/2024\/03\/Cremia-logo-15x15mm.svg","width":42,"height":42,"caption":"Cremia Cosmetics"},"image":{"@id":"https:\/\/staging.cremiacosmetics.com\/#\/schema\/logo\/image\/"},"sameAs":["https:\/\/www.facebook.com\/cremiacosmetics","https:\/\/www.instagram.com\/cremiacosmetics\/"]}]}},"_links":{"self":[{"href":"https:\/\/staging.cremiacosmetics.com\/index.php?rest_route=\/wp\/v2\/pages\/13159","targetHints":{"allow":["GET"]}}],"collection":[{"href":"https:\/\/staging.cremiacosmetics.com\/index.php?rest_route=\/wp\/v2\/pages"}],"about":[{"href":"https:\/\/staging.cremiacosmetics.com\/index.php?rest_route=\/wp\/v2\/types\/page"}],"author":[{"embeddable":true,"href":"https:\/\/staging.cremiacosmetics.com\/index.php?rest_route=\/wp\/v2\/users\/3"}],"replies":[{"embeddable":true,"href":"https:\/\/staging.cremiacosmetics.com\/index.php?rest_route=%2Fwp%2Fv2%2Fcomments&post=13159"}],"version-history":[{"count":4,"href":"https:\/\/staging.cremiacosmetics.com\/index.php?rest_route=\/wp\/v2\/pages\/13159\/revisions"}],"predecessor-version":[{"id":33299,"href":"https:\/\/staging.cremiacosmetics.com\/index.php?rest_route=\/wp\/v2\/pages\/13159\/revisions\/33299"}],"wp:attachment":[{"href":"https:\/\/staging.cremiacosmetics.com\/index.php?rest_route=%2Fwp%2Fv2%2Fmedia&parent=13159"}],"curies":[{"name":"wp","href":"https:\/\/api.w.org\/{rel}","templated":true}]}}